{"id":10146,"date":"2026-02-28T17:15:39","date_gmt":"2026-02-28T17:15:39","guid":{"rendered":"https:\/\/www.foodappsco.com\/?page_id=10146"},"modified":"2026-02-28T17:25:59","modified_gmt":"2026-02-28T17:25:59","slug":"desenvolvimento-de-aplicativos-de-comida","status":"publish","type":"page","link":"https:\/\/www.foodappsco.com\/pt\/desenvolvimento-de-aplicativos-de-comida\/","title":{"rendered":"FoodAppsCo\u2122 &#8211; Empresa de desenvolvimento de aplicativos alimentares"},"content":{"rendered":"<div class=\"wpb-content-wrapper\"><div class=\"vc_row wpb_row vc_row-fluid padding_bottom\"><div class=\"wpb_column vc_column_container vc_col-sm-12\"><div class=\"vc_column-inner\"><div class=\"wpb_wrapper\"><div class=\"vc_row wpb_row vc_inner vc_row-fluid\"><div class=\"wpb_column vc_column_container vc_col-sm-6\"><div class=\"vc_column-inner\"><div class=\"wpb_wrapper\">\n\t<div class=\"wpb_text_column wpb_content_element\" >\n\t\t<div class=\"wpb_wrapper\">\n\t\t\t<h2 class=\"section\"><span class=\"highlight\">Somos a FoodAppsCo\u2122\u00a0<\/span><br \/>\nUma Empresa Especializada em Desenvolvimento de Aplicativos para o Setor de Alimenta\u00e7\u00e3o<\/h2>\n\n\t\t<\/div>\n\t<\/div>\n\n\t<div class=\"wpb_text_column wpb_content_element\" >\n\t\t<div class=\"wpb_wrapper\">\n\t\t\t<p class=\"p1\">Na <strong>FoodAppsCo\u2122<\/strong>, somos especialistas no desenvolvimento de solu\u00e7\u00f5es digitais robustas para o setor de alimenta\u00e7\u00e3o e restaurantes. H\u00e1 mais de uma d\u00e9cada, nossa equipe entrega plataformas web e mobile escal\u00e1veis, projetadas para simplificar opera\u00e7\u00f5es e gerar resultados reais para o neg\u00f3cio.<\/p>\n<p class=\"p1\">A <strong>FoodAppsCo\u2122<\/strong> \u00e9 uma divis\u00e3o focada em produtos da <strong>VudriX LLC<\/strong>, uma empresa global de tecnologia especializada em engenharia de software, automa\u00e7\u00e3o com IA e plataformas de marketplace. Nossa equipe interna de designers, desenvolvedores e especialistas em projetos trabalha exclusivamente na cria\u00e7\u00e3o de solu\u00e7\u00f5es inovadoras para restaurantes, opera\u00e7\u00f5es de delivery e startups de food-tech.<\/p>\n<p class=\"p1\">Entre em contato para descobrir como nossas solu\u00e7\u00f5es personalizadas de aplicativos de delivery podem ajudar sua marca a crescer, otimizar processos e se destacar no mercado digital.<\/p>\n\n\t\t<\/div>\n\t<\/div>\n\n\t<div class=\"wpb_raw_code wpb_raw_html wpb_content_element\" >\n\t\t<div class=\"wpb_wrapper\">\n\t\t\t<div class=\"vertical_box\">\n                \t<div class=\"box-icon\">\n                    \t<i class=\"fa fa-bolt\" aria-hidden=\"true\"><\/i>\n                    <\/div>\n                    <div class=\"box-info\">\n                    \t<h6>Mais de 15 Anos Desenvolvendo Sistemas Profissionais de Delivery e Marketplace<\/h6>\n                        <p>Nossas plataformas s\u00e3o utilizadas por operadores de delivery, grupos de restaurantes e marketplaces locais em diversos pa\u00edses \u2014 processando pedidos reais, pagamentos reais e lidando com opera\u00e7\u00f5es de alta complexidade no dia a dia.<\/p>\n                    <\/div>\n                <\/div>\n\t\t<\/div>\n\t<\/div>\n\n\t<div class=\"wpb_raw_code wpb_raw_html wpb_content_element\" >\n\t\t<div class=\"wpb_wrapper\">\n\t\t\t<div class=\"vertical_box\">\n                \t<div class=\"box-icon\">\n                    \t<i class=\"fa fa-mobile-phone\" aria-hidden=\"true\"><\/i>\n                    <\/div>\n                    <div class=\"box-info\">\n                    \t<h6>Fornecedor de Solu\u00e7\u00f5es White Label para Pedidos Online<\/h6>\n                        <p>Todas as nossas plataformas s\u00e3o totalmente white label, garantindo propriedade completa da sua marca, dos dados dos clientes e do crescimento do seu neg\u00f3cio \u2014 sem comiss\u00f5es, sem divis\u00e3o de receita e sem depend\u00eancia de terceiros.<\/p>\n                    <\/div>\n                <\/div>\n\t\t<\/div>\n\t<\/div>\n<\/div><\/div><\/div><div class=\"wpb_column vc_column_container vc_col-sm-6\"><div class=\"vc_column-inner\"><div class=\"wpb_wrapper\">\n\t<div  class=\"wpb_single_image wpb_content_element vc_align_center wpb_content_element vc_custom_1770396762599\">\n\t\t\n\t\t<figure class=\"wpb_wrapper vc_figure\">\n\t\t\t<div class=\"vc_single_image-wrapper   vc_box_border_grey\"><img loading=\"lazy\" decoding=\"async\" width=\"652\" height=\"567\" src=\"https:\/\/www.foodappsco.com\/wp-content\/uploads\/2026\/02\/Food_Apps_Development_Company-e1770396752531.png\" class=\"vc_single_image-img attachment-full\" alt=\"Food Delivery App Development Company\" title=\"Food Delivery App Development Company\" srcset=\"https:\/\/www.foodappsco.com\/wp-content\/uploads\/2026\/02\/Food_Apps_Development_Company-e1770396752531.png 652w, https:\/\/www.foodappsco.com\/wp-content\/uploads\/2026\/02\/Food_Apps_Development_Company-e1770396752531-300x261.png 300w, https:\/\/www.foodappsco.com\/wp-content\/uploads\/2026\/02\/Food_Apps_Development_Company-e1770396752531-172x150.png 172w\" sizes=\"auto, (max-width: 652px) 100vw, 652px\" \/><\/div>\n\t\t<\/figure>\n\t<\/div>\n<div class=\"vc_empty_space\"   style=\"height: 30px\"><span class=\"vc_empty_space_inner\"><\/span><\/div>\n\t<div  class=\"wpb_single_image wpb_content_element vc_align_center wpb_content_element vc_custom_1765755844234\">\n\t\t\n\t\t<figure class=\"wpb_wrapper vc_figure\">\n\t\t\t<div class=\"vc_single_image-wrapper   vc_box_border_grey\"><img loading=\"lazy\" decoding=\"async\" width=\"175\" height=\"75\" src=\"https:\/\/www.foodappsco.com\/wp-content\/uploads\/2025\/12\/Vudrix-llc-logo-1.png\" class=\"vc_single_image-img attachment-full\" alt=\"FoodAppsCo\u2122 \u2013 Food Delivery App Development Company\" title=\"Empresa de desenvolvimento de aplicativos de entrega de comida\" \/><\/div>\n\t\t<\/figure>\n\t<\/div>\n\n\t<div class=\"wpb_text_column wpb_content_element\" >\n\t\t<div class=\"wpb_wrapper\">\n\t\t\t<p class=\"p1\" style=\"text-align: center;\"><strong>FoodAppsCo\u2122<\/strong> \u00e9 uma divis\u00e3o de produtos da <strong>VudriX LLC \u2013 Solu\u00e7\u00f5es Inteligentes.<\/strong><\/p>\n\n\t\t<\/div>\n\t<\/div>\n<\/div><\/div><\/div><\/div><\/div><\/div><\/div><\/div><div class=\"vc_row wpb_row vc_row-fluid vc_custom_1770388345105\"><div class=\"container wpb_column vc_column_container vc_col-sm-12\"><div class=\"vc_column-inner\"><div class=\"wpb_wrapper\"><div class=\"vc_row wpb_row vc_inner vc_row-fluid box-shadow-m\"><div class=\"wpb_column vc_column_container vc_col-sm-4\"><div class=\"vc_column-inner\"><div class=\"wpb_wrapper\"><div class=\"vc_icon_element vc_icon_element-outer vc_do_icon vc_icon_element-align-center vc_icon_element-have-style\"><div class=\"vc_icon_element-inner vc_icon_element-color-custom vc_icon_element-have-style-inner vc_icon_element-size-md vc_icon_element-style-rounded-outline vc_icon_element-outline vc_icon_element-background-color-custom\"  style=\"border-color:#eeeeee\"><span class=\"vc_icon_element-icon fa fa-users\" style=\"color:#dd3333 !important\"><\/span><\/div><\/div><h5 style=\"text-align: center\" class=\"vc_custom_heading vc_do_custom_heading\" >Quem Somos<\/h5>\n\t<div class=\"wpb_text_column wpb_content_element\" >\n\t\t<div class=\"wpb_wrapper\">\n\t\t\t<p class=\"p1\" style=\"text-align: center;\">Somos uma equipe orientada a produtos, especializada em sistemas de delivery e marketplace que funcionam em opera\u00e7\u00f5es reais \u2014 n\u00e3o aplicativos experimentais ou projetos pontuais.<\/p>\n\n\t\t<\/div>\n\t<\/div>\n<\/div><\/div><\/div><div class=\"wpb_column vc_column_container vc_col-sm-4\"><div class=\"vc_column-inner\"><div class=\"wpb_wrapper\"><div class=\"vc_icon_element vc_icon_element-outer vc_do_icon vc_icon_element-align-center vc_icon_element-have-style\"><div class=\"vc_icon_element-inner vc_icon_element-color-custom vc_icon_element-have-style-inner vc_icon_element-size-md vc_icon_element-style-rounded-outline vc_icon_element-outline vc_icon_element-background-color-custom\"  style=\"border-color:#eeeeee\"><span class=\"vc_icon_element-icon fa fa-question-circle\" style=\"color:#dd3333 !important\"><\/span><\/div><\/div><h5 style=\"text-align: center\" class=\"vc_custom_heading vc_do_custom_heading\" >Por Que Escolher a FoodAppsCo\u2122<\/h5>\n\t<div class=\"wpb_text_column wpb_content_element\" >\n\t\t<div class=\"wpb_wrapper\">\n\t\t\t<p class=\"p1\" style=\"text-align: center;\">Unimos conhecimento pr\u00e1tico do setor de delivery com implementa\u00e7\u00e3o t\u00e9cnica s\u00f3lida. Nossas solu\u00e7\u00f5es s\u00e3o desenvolvidas para reduzir riscos no lan\u00e7amento, controlar custos e permitir escalabilidade sem necessidade de reconstruir a plataforma no futuro.<\/p>\n\n\t\t<\/div>\n\t<\/div>\n<\/div><\/div><\/div><div class=\"wpb_column vc_column_container vc_col-sm-4\"><div class=\"vc_column-inner\"><div class=\"wpb_wrapper\"><div class=\"vc_icon_element vc_icon_element-outer vc_do_icon vc_icon_element-align-center vc_icon_element-have-style\"><div class=\"vc_icon_element-inner vc_icon_element-color-custom vc_icon_element-have-style-inner vc_icon_element-size-md vc_icon_element-style-rounded-outline vc_icon_element-outline vc_icon_element-background-color-custom\"  style=\"border-color:#eeeeee\"><span class=\"vc_icon_element-icon fa fa-cogs\" style=\"color:#dd3333 !important\"><\/span><\/div><\/div><h5 style=\"text-align: center\" class=\"vc_custom_heading vc_do_custom_heading\" >O Que Fazemos<\/h5>\n\t<div class=\"wpb_text_column wpb_content_element\" >\n\t\t<div class=\"wpb_wrapper\">\n\t\t\t<p class=\"p1\" style=\"text-align: center;\">Desenvolvemos e entregamos plataformas white label de pedidos online, delivery e marketplace \u2014 incluindo sistemas administrativos, aplicativos para clientes, pain\u00e9is para restaurantes e fluxos completos de entrega.<\/p>\n\n\t\t<\/div>\n\t<\/div>\n<\/div><\/div><\/div><\/div><\/div><\/div><\/div><\/div><div class=\"vc_row wpb_row vc_row-fluid vc_row-o-content-middle vc_row-flex\"><div class=\"container wpb_column vc_column_container vc_col-sm-12\"><div class=\"vc_column-inner\"><div class=\"wpb_wrapper\"><div class=\"vc_row wpb_row vc_inner vc_row-fluid vc_row-o-content-middle vc_row-flex\"><div class=\"wpb_column vc_column_container vc_col-sm-6\"><div class=\"vc_column-inner\"><div class=\"wpb_wrapper\">\n\t<div  class=\"wpb_single_image wpb_content_element vc_align_center wpb_content_element\">\n\t\t\n\t\t<figure class=\"wpb_wrapper vc_figure\">\n\t\t\t<div class=\"vc_single_image-wrapper   vc_box_border_grey\"><img loading=\"lazy\" decoding=\"async\" width=\"822\" height=\"697\" src=\"https:\/\/www.foodappsco.com\/wp-content\/uploads\/2025\/12\/Food_ordering_System_for_Restaurants.png\" class=\"vc_single_image-img attachment-full\" alt=\"Food ordering System for Restaurants\" title=\"Food ordering System for Restaurants\" srcset=\"https:\/\/www.foodappsco.com\/wp-content\/uploads\/2025\/12\/Food_ordering_System_for_Restaurants.png 822w, https:\/\/www.foodappsco.com\/wp-content\/uploads\/2025\/12\/Food_ordering_System_for_Restaurants-300x254.png 300w, https:\/\/www.foodappsco.com\/wp-content\/uploads\/2025\/12\/Food_ordering_System_for_Restaurants-768x651.png 768w\" sizes=\"auto, (max-width: 822px) 100vw, 822px\" \/><\/div>\n\t\t<\/figure>\n\t<\/div>\n<\/div><\/div><\/div><div class=\"wpb_column vc_column_container vc_col-sm-6\"><div class=\"vc_column-inner vc_custom_1488805819417\"><div class=\"wpb_wrapper\"><h2 style=\"text-align: center\" class=\"vc_custom_heading vc_do_custom_heading\" >Comece a Expandir Seu Restaurante com Pedidos Online Diretos<\/h2>\n\t<div class=\"wpb_text_column wpb_content_element vc_custom_1772299363254\" >\n\t\t<div class=\"wpb_wrapper\">\n\t\t\t<p class=\"p1\" style=\"text-align: center;\">Assuma o controle total dos seus pedidos online com um sistema pr\u00f3prio e personalizado, criado para restaurantes que buscam independ\u00eancia, clareza e margens de lucro sustent\u00e1veis. Sem comiss\u00f5es de terceiros, sem assinaturas for\u00e7adas e sem perda de dados dos clientes.<\/p>\n<p class=\"p1\" style=\"text-align: center;\">A FoodAppsCo\u2122 ajuda restaurantes e neg\u00f3cios de alimenta\u00e7\u00e3o a aceitarem pedidos online diretos, aumentarem clientes recorrentes e gerenciarem card\u00e1pios, promo\u00e7\u00f5es e pedidos em um \u00fanico painel intuitivo \u2014 sem depender de plataformas externas de delivery.<\/p>\n<p class=\"p1\" style=\"text-align: center;\">Confiadas por restaurantes independentes, marcas locais e opera\u00e7\u00f5es com m\u00faltiplas unidades, nossas solu\u00e7\u00f5es s\u00e3o projetadas para opera\u00e7\u00f5es reais do dia a dia \u2014 n\u00e3o para campanhas tempor\u00e1rias.<\/p>\n\n\t\t<\/div>\n\t<\/div>\n\n\t<div class=\"wpb_text_column wpb_content_element\" >\n\t\t<div class=\"wpb_wrapper\">\n\t\t\t<p style=\"text-align: center;\"><a class=\"btn\" href=\"https:\/\/www.foodappsco.com\/pt\/provedor-de-mercado-de-entrega-de-comida\/\">Entre em Contato Hoje Mesmo!<\/a><\/p>\n\n\t\t<\/div>\n\t<\/div>\n<\/div><\/div><\/div><\/div><\/div><\/div><\/div><\/div><div class=\"vc_row wpb_row vc_row-fluid vc_custom_1622404661590\"><div class=\"wpb_column vc_column_container vc_col-sm-12\"><div class=\"vc_column-inner\"><div class=\"wpb_wrapper\">\n\t<div class=\"wpb_text_column wpb_content_element\" >\n\t\t<div class=\"wpb_wrapper\">\n\t\t\t<div style=\"width: 100%; margin: 20px 0 20px; padding: 22px 0; font-family: inherit; text-align: center;\">\n<div style=\"display: inline-flex; flex-wrap: wrap; justify-content: center; gap: 10px;\"><span style=\"display: inline-block; padding: 7px 14px; border: 1px solid #ddd; border-radius: 999px; background: #fafafa; color: #555; font-size: 16px; line-height: 1.4;\">Empresa de Desenvolvimento de App de Delivery no Brasil<\/span><br \/>\n<span style=\"display: inline-block; padding: 7px 14px; border: 1px solid #ddd; border-radius: 999px; background: #fafafa; color: #555; font-size: 16px; line-height: 1.4;\">Desenvolvimento de Aplicativo de Delivery em S\u00e3o Paulo<\/span><br \/>\n<span style=\"display: inline-block; padding: 7px 14px; border: 1px solid #ddd; border-radius: 999px; background: #fafafa; color: #555; font-size: 16px; line-height: 1.4;\">Plataforma de Delivery para Restaurantes no Rio de Janeiro<\/span><br \/>\n<span style=\"display: inline-block; padding: 7px 14px; border: 1px solid #ddd; border-radius: 999px; background: #fafafa; color: #555; font-size: 16px; line-height: 1.4;\">Sistema de Marketplace de Delivery em Minas Gerais<\/span><br \/>\n<span style=\"display: inline-block; padding: 7px 14px; border: 1px solid #ddd; border-radius: 999px; background: #fafafa; color: #555; font-size: 16px; line-height: 1.4;\">Aplicativo de Delivery White Label no Brasil<\/span><br \/>\n<span style=\"display: inline-block; padding: 7px 14px; border: 1px solid #ddd; border-radius: 999px; background: #fafafa; color: #555; font-size: 16px; line-height: 1.4;\">Especialistas em Plataforma de Delivery Multirrestaurante<\/span><\/div>\n<\/div>\n\n\t\t<\/div>\n\t<\/div>\n<\/div><\/div><\/div><\/div>\n<\/div>","protected":false},"excerpt":{"rendered":"Somos a FoodAppsCo\u2122\u00a0 Uma Empresa Especializada em Desenvolvimento de Aplicativos para o Setor de Alimenta\u00e7\u00e3o Na FoodAppsCo\u2122, somos especialistas no desenvolvimento de solu\u00e7\u00f5es digitais robustas para o setor de alimenta\u00e7\u00e3o e restaurantes. H\u00e1 mais de uma d\u00e9cada, nossa equipe entrega plataformas web e mobile escal\u00e1veis, projetadas para simplificar opera\u00e7\u00f5es e gerar resultados reais para o [...]","protected":false},"author":1,"featured_media":0,"parent":0,"menu_order":0,"comment_status":"closed","ping_status":"closed","template":"","meta":{"footnotes":""},"class_list":["post-10146","page","type-page","status-publish","hentry"],"lang":"pt","translations":{"pt":10146,"de":10017,"en":216},"_links":{"self":[{"href":"https:\/\/www.foodappsco.com\/pt\/wp-json\/wp\/v2\/pages\/10146","targetHints":{"allow":["GET"]}}],"collection":[{"href":"https:\/\/www.foodappsco.com\/pt\/wp-json\/wp\/v2\/pages"}],"about":[{"href":"https:\/\/www.foodappsco.com\/pt\/wp-json\/wp\/v2\/types\/page"}],"author":[{"embeddable":true,"href":"https:\/\/www.foodappsco.com\/pt\/wp-json\/wp\/v2\/users\/1"}],"replies":[{"embeddable":true,"href":"https:\/\/www.foodappsco.com\/pt\/wp-json\/wp\/v2\/comments?post=10146"}],"version-history":[{"count":0,"href":"https:\/\/www.foodappsco.com\/pt\/wp-json\/wp\/v2\/pages\/10146\/revisions"}],"wp:attachment":[{"href":"https:\/\/www.foodappsco.com\/pt\/wp-json\/wp\/v2\/media?parent=10146"}],"curies":[{"name":"wp","href":"https:\/\/api.w.org\/{rel}","templated":true}]}}