{"id":10136,"date":"2026-02-28T16:46:48","date_gmt":"2026-02-28T16:46:48","guid":{"rendered":"https:\/\/www.foodappsco.com\/?page_id=10136"},"modified":"2026-02-28T17:05:36","modified_gmt":"2026-02-28T17:05:36","slug":"provedor-de-mercado-de-entrega-de-comida","status":"publish","type":"page","link":"https:\/\/www.foodappsco.com\/pt\/provedor-de-mercado-de-entrega-de-comida\/","title":{"rendered":"Empresa fornecedora de aplicativos de entrega de comida e marketplace"},"content":{"rendered":"<div class=\"wpb-content-wrapper\"><div class=\"vc_row wpb_row vc_row-fluid vc_custom_1770400004519 vc_row-o-content-middle vc_row-flex\"><div class=\"wpb_column vc_column_container vc_col-sm-6\"><div class=\"vc_column-inner\"><div class=\"wpb_wrapper\"><div class=\"vc_row wpb_row vc_inner vc_row-fluid\"><div class=\"section-header wpb_column vc_column_container vc_col-sm-12\"><div class=\"vc_column-inner\"><div class=\"wpb_wrapper\"><h6 style=\"font-size: 20px;color: #dd3333;line-height: 30px;text-align: center\" class=\"vc_custom_heading vc_do_custom_heading\" >Solicite Detalhes do Produto e Valores<\/h6><h2 style=\"text-align: center\" class=\"vc_custom_heading vc_do_custom_heading\" >Aplicativos para Restaurantes e Plataforma de Marketplace Multi-Restaurantes White Label<\/h2>\n\t<div class=\"wpb_text_column wpb_content_element vc_custom_1772297611413\" >\n\t\t<div class=\"wpb_wrapper\">\n\t\t\t<p class=\"p1\" style=\"text-align: center;\">Selecione o produto de seu interesse e compartilhe alguns detalhes sobre o seu neg\u00f3cio.<br \/>\n<span class=\"s1\">Enviaremos <\/span><b>valores, escopo de funcionalidades, op\u00e7\u00f5es de implanta\u00e7\u00e3o e pr\u00f3ximos passos<\/b><span class=\"s1\"> espec\u00edficos para a solu\u00e7\u00e3o escolhida.<\/span><\/p>\n<p class=\"p1\" style=\"text-align: center;\"><b>ou, Prefere e-mail ou WhatsApp?<\/b><b><\/b><\/p>\n<h4 class=\"p1\" style=\"text-align: center;\"><span class=\"s1\">Email: <\/span><b><a href=\"mailto:info@foodappsco.com\">info@foodappsco.com<\/a><br \/>\n<\/b><b><\/b><span class=\"s1\">WhatsApp: <\/span><b><a href=\"https:\/\/wa.me\/491732073543\" target=\"_blank\" rel=\"noopener\">Perguntas R\u00e1pidas<\/a><\/b><\/h4>\n<p style=\"text-align: center;\">&#8212;&#8212;&#8212;&#8212;&#8212;&#8212;&#8212;&#8212;&#8212;&#8212;&#8212;&#8212;&#8212;&#8212;&#8212;&#8212;&#8212;&#8212;&#8212;&#8212;&#8212;&#8212;&#8211;<\/p>\n<h4 class=\"p1\" style=\"text-align: center;\"><b>J\u00e1 \u00e9 cliente?<br \/>\n<\/b><b><\/b><\/h4>\n<p class=\"p1\" style=\"text-align: center;\">Para suporte t\u00e9cnico ou projetos em andamento, entre em contato pelo<br \/>\n<a href=\"mailto:support@foodappsco.com\"><span class=\"s1\"><b>support@foodappsco.com<\/b><\/span><\/a> informando seu login ou refer\u00eancia do projeto.<\/p>\n<p class=\"p1\" style=\"text-align: center;\">Suporte T\u00e9cnico com IA 24\/7 <span style=\"font-size: 12px;\"><strong>(Em breve)<\/strong><\/span><\/p>\n\n\t\t<\/div>\n\t<\/div>\n\n\t<div class=\"wpb_text_column wpb_content_element\" >\n\t\t<div class=\"wpb_wrapper\">\n\t\t\t<p style=\"text-align: center;\">&#8212;&#8212;&#8212;&#8212;&#8212;&#8212;&#8212;&#8212;&#8212;&#8212;&#8212;&#8212;-<\/p>\n<p style=\"text-align: center;\"><strong>\ud83d\udcde Telefone<\/strong><br \/>\n\ud83c\uddfa\ud83c\uddf8 EUA: +1 320 315 0609<br \/>\n\ud83c\uddec\ud83c\udde7 Reino Unido: +44 7877 452 1111<br \/>\n\ud83c\uddea\ud83c\uddfa UE \/ Alemanha: +49 1521 545 7330<\/p>\n<p style=\"text-align: center;\">*Resposta mais r\u00e1pida: e-mail ou formul\u00e1rio de contato.<\/p>\n<p style=\"text-align: center;\">&#8212;&#8212;&#8212;&#8212;&#8212;&#8212;&#8212;-<\/p>\n<p style=\"text-align: center;\"><strong>Endere\u00e7o Comercial<\/strong><br \/>\n30 N Gould St, STE R, Sheridan, WY 82801. EUA<\/p>\n\n\t\t<\/div>\n\t<\/div>\n<\/div><\/div><\/div><\/div><\/div><\/div><\/div><div class=\"wpb_column vc_column_container vc_col-sm-6\"><div class=\"vc_column-inner\"><div class=\"wpb_wrapper\">\n<div class=\"wpcf7 no-js\" id=\"wpcf7-f10143-o1\" lang=\"en-US\" dir=\"ltr\" data-wpcf7-id=\"10143\">\n<div class=\"screen-reader-response\"><p role=\"status\" aria-live=\"polite\" aria-atomic=\"true\"><\/p> <ul><\/ul><\/div>\n<form action=\"\/pt\/wp-json\/wp\/v2\/pages\/10136#wpcf7-f10143-o1\" method=\"post\" class=\"wpcf7-form init\" aria-label=\"Contact form\" novalidate=\"novalidate\" data-status=\"init\" data-trp-original-action=\"\/pt\/wp-json\/wp\/v2\/pages\/10136#wpcf7-f10143-o1\">\n<fieldset class=\"hidden-fields-container\"><input type=\"hidden\" name=\"_wpcf7\" value=\"10143\" \/><input type=\"hidden\" name=\"_wpcf7_version\" value=\"6.1.5\" \/><input type=\"hidden\" name=\"_wpcf7_locale\" value=\"en_US\" \/><input type=\"hidden\" name=\"_wpcf7_unit_tag\" value=\"wpcf7-f10143-o1\" \/><input type=\"hidden\" name=\"_wpcf7_container_post\" value=\"0\" \/><input type=\"hidden\" name=\"_wpcf7_posted_data_hash\" value=\"\" \/>\n<\/fieldset>\n<div class=\"contact_form div_zindex white-text text-center primary-bg\">\n\t<div class=\"col-md-6\">\n\t\t<div class=\"form-group\">\n\t\t\t<p><span class=\"wpcf7-form-control-wrap\" data-name=\"your-name\"><input size=\"40\" maxlength=\"400\" class=\"wpcf7-form-control wpcf7-text wpcf7-validates-as-required form-control\" aria-required=\"true\" aria-invalid=\"false\" placeholder=\"Seu nome\" value=\"\" type=\"text\" name=\"your-name\" \/><\/span>\n\t\t\t<\/p>\n\t\t<\/div>\n\t<\/div>\n\t<div class=\"col-md-6\">\n\t\t<div class=\"form-group\">\n\t\t\t<p><span class=\"wpcf7-form-control-wrap\" data-name=\"your-email\"><input size=\"40\" maxlength=\"400\" class=\"wpcf7-form-control wpcf7-email wpcf7-validates-as-required wpcf7-text wpcf7-validates-as-email form-control\" aria-required=\"true\" aria-invalid=\"false\" placeholder=\"Seu e-mail\" value=\"\" type=\"email\" name=\"your-email\" \/><\/span>\n\t\t\t<\/p>\n\t\t<\/div>\n\t<\/div>\n\t<div class=\"col-md-6\">\n\t\t<div class=\"form-group\">\n\t\t\t<p><span class=\"wpcf7-form-control-wrap\" data-name=\"tel-757\"><input size=\"40\" maxlength=\"400\" class=\"wpcf7-form-control wpcf7-tel wpcf7-validates-as-required wpcf7-text wpcf7-validates-as-tel form-control\" aria-required=\"true\" aria-invalid=\"false\" placeholder=\"N\u00famero de telefone com c\u00f3digo do pa\u00eds\" value=\"\" type=\"tel\" name=\"tel-757\" \/><\/span>\n\t\t\t<\/p>\n\t\t<\/div>\n\t<\/div>\n\t<div class=\"col-md-6\">\n\t\t<div class=\"form-group\">\n\t\t\t<p><span class=\"wpcf7-form-control-wrap\" data-name=\"menu-654\"><select class=\"wpcf7-form-control wpcf7-select wpcf7-validates-as-required\" aria-required=\"true\" aria-invalid=\"false\" name=\"menu-654\"><option value=\"Selecionar Produto\">Selecionar Produto<\/option><option value=\"Marketplace Multi-Restaurantes\">Marketplace Multi-Restaurantes<\/option><option value=\"Marketplace de Supermercados\">Marketplace de Supermercados<\/option><option value=\"Aplicativo de Pedidos para Restaurante\">Aplicativo de Pedidos para Restaurante<\/option><option value=\"Site + Aplicativos para Restaurante\">Site + Aplicativos para Restaurante<\/option><option value=\"Aplicativo para Supermercado (Loja \u00danica)\">Aplicativo para Supermercado (Loja \u00danica)<\/option><option value=\"Aplicativo para Pizzaria\">Aplicativo para Pizzaria<\/option><option value=\"Desenvolvimento Personalizado\">Desenvolvimento Personalizado<\/option><option value=\"Software de Totem de Autoatendimento\">Software de Totem de Autoatendimento<\/option><option value=\"Sistema de Pedidos por QR Code\">Sistema de Pedidos por QR Code<\/option><option value=\"Outros\">Outros<\/option><\/select><\/span>\n\t\t\t<\/p>\n\t\t<\/div>\n\t<\/div>\n\t<div class=\"col-md-12\">\n\t\t<div class=\"form-group\">\n\t\t\t<p><span class=\"wpcf7-form-control-wrap\" data-name=\"your-message\"><textarea cols=\"40\" rows=\"10\" maxlength=\"2000\" class=\"wpcf7-form-control wpcf7-textarea wpcf7-validates-as-required form-control\" aria-required=\"true\" aria-invalid=\"false\" placeholder=\"Algumas palavras sobre sua necessidade\" name=\"your-message\"><\/textarea><\/span>\n\t\t\t<\/p>\n\t\t<\/div>\n\t<\/div>\n\t<div class=\"col-md-12\">\n\t\t<center>\n\t\t\t<div class=\"form-group\">\n\t\t\t\t<p><span class=\"wpcf7-form-control-wrap\" data-name=\"checkbox-349\"><span class=\"wpcf7-form-control wpcf7-checkbox wpcf7-validates-as-required\"><span class=\"wpcf7-list-item first last\"><label><input type=\"checkbox\" name=\"checkbox-349[]\" value=\"Voc\u00ea concorda com o armazenamento e o tratamento dos seus dados pela equipe da FoodAppsCo\u2122 para responder \u00e0 sua consulta.\" \/><span class=\"wpcf7-list-item-label\">Voc\u00ea concorda com o armazenamento e o tratamento dos seus dados pela equipe da FoodAppsCo\u2122 para responder \u00e0 sua consulta.<\/span><\/label><\/span><\/span><\/span>\n\t\t\t\t<\/p>\n\t\t\t<\/div>\n\t\t<\/center>\n\t<\/div>\n\t<div class=\"col-md-12\">\n\t\t<center>\n\t\t\t<div class=\"form-group\">\n\t\t\t\t<p><span class=\"wpcf7-form-control-wrap\" data-name=\"hcap-cf7\">\t\t<input\n\t\t\t\ttype=\"hidden\"\n\t\t\t\tclass=\"hcaptcha-widget-id\"\n\t\t\t\tname=\"hcaptcha-widget-id\"\n\t\t\t\tvalue=\"eyJzb3VyY2UiOlsiY29udGFjdC1mb3JtLTdcL3dwLWNvbnRhY3QtZm9ybS03LnBocCJdLCJmb3JtX2lkIjoxMDE0M30=-40477af3553013041582ed1f6da4fccc\">\n\t\t\t\t<span id=\"hcap_cf7-69e009f023f378.25910119\" class=\"wpcf7-form-control h-captcha\"\n\t\t\tdata-sitekey=\"58f7b6eb-bac8-449b-a823-083e8af0346d\"\n\t\t\tdata-theme=\"light\"\n\t\t\tdata-size=\"invisible\"\n\t\t\tdata-auto=\"false\"\n\t\t\tdata-ajax=\"false\"\n\t\t\tdata-force=\"false\">\n\t\t<\/span>\n\t\t<input type=\"hidden\" id=\"_wpnonce\" name=\"_wpnonce\" value=\"b79b8c3f51\" \/><input type=\"hidden\" name=\"_wp_http_referer\" value=\"\/pt\/wp-json\/wp\/v2\/pages\/10136\" \/><\/span><input class=\"wpcf7-form-control wpcf7-submit has-spinner btn\" type=\"submit\" value=\"Enviar mensagem\" \/>\n\t\t\t\t<\/p>\n\t\t\t\t<p>Estamos comprometidos em proteger e respeitar sua privacidade, e s\u00f3 usaremos suas informa\u00e7\u00f5es pessoais para administrar sua conta e fornecer os produtos e servi\u00e7os que voc\u00ea nos solicitou.\n\t\t\t\t<\/p>\n\t\t\t<\/div>\n\t\t<\/center>\n\t<\/div>\n<\/div><input type='hidden' class='wpcf7-pum' value='{\"closepopup\":false,\"closedelay\":0,\"openpopup\":false,\"openpopup_id\":0}' \/><div class=\"wpcf7-response-output\" aria-hidden=\"true\"><\/div>\n<input type=\"hidden\" name=\"trp-form-language\" value=\"pt\"\/><\/form>\n<\/div>\n<\/div><\/div><\/div><\/div><div data-vc-full-width=\"true\" data-vc-full-width-temp=\"true\" data-vc-full-width-init=\"false\" class=\"vc_row wpb_row vc_row-fluid vc_custom_1770400673524 vc_row-has-fill vc_row-o-content-middle vc_row-flex\"><div class=\"wpb_column vc_column_container vc_col-sm-12\"><div class=\"vc_column-inner\"><div class=\"wpb_wrapper\">\n\t<div class=\"wpb_raw_code wpb_raw_html wpb_content_element\" >\n\t\t<div class=\"wpb_wrapper\">\n\t\t\t<section style=\"width:100%; padding:60px 0; font-family:inherit;\">\n\n  <div style=\"max-width:1200px; margin:0 auto; padding:0 20px; text-align:center;\">\n\n    <h2>\nEmpresa Global de Aplicativos e Marketplace de Delivery Impulsionando o Crescimento Local\n    <\/h2>\n\n    <p style=\"max-width:1200px; margin:0 auto 40px; color:#555; line-height:1.7;\">\n      A FoodAppsCo\u2122 \u00e9 uma empresa especializada em Aplicativos e Marketplace de Delivery, atuando com neg\u00f3cios em diversos mercados internacionais. Oferecemos suporte a grupos de restaurantes, operadores de entrega e empreendedores locais por meio de plataformas escal\u00e1veis e preparadas para diferentes regi\u00f5es, desenvolvidas para opera\u00e7\u00f5es reais do dia a dia. Nossas solu\u00e7\u00f5es se adaptam perfeitamente a m\u00e9todos de pagamento locais, fluxos de entrega e exig\u00eancias regulat\u00f3rias \u2014 tornando-se ideais tanto para mercados emergentes quanto para economias consolidadas onde confiabilidade e escalabilidade de longo prazo s\u00e3o essenciais.\n    <\/p>\n\n    <div style=\"      display:flex;      flex-wrap:wrap;      gap:14px;      justify-content:center;    \">\n\n      <span style=\"padding:10px 16px; border:1px solid #e0e0e0; border-radius:8px;\">\ud83c\uddf2\ud83c\uddfd M\u00e9xico<\/span>\n      <span style=\"padding:10px 16px; border:1px solid #e0e0e0; border-radius:8px;\">\ud83c\udde8\ud83c\uddf4 Col\u00f4mbia<\/span>\n      <span style=\"padding:10px 16px; border:1px solid #e0e0e0; border-radius:8px;\">\ud83c\uddf5\ud83c\uddea Peru<\/span>\n      <span style=\"padding:10px 16px; border:1px solid #e0e0e0; border-radius:8px;\">\ud83c\udde8\ud83c\uddf1 Chile<\/span>\n      <span style=\"padding:10px 16px; border:1px solid #e0e0e0; border-radius:8px;\">\ud83c\udde6\ud83c\uddf7 Argentina<\/span>\n\n      <span style=\"padding:10px 16px; border:1px solid #e0e0e0; border-radius:8px;\">\ud83c\udde6\ud83c\uddea Emirados \u00c1rabes Unidos<\/span>\n      <span style=\"padding:10px 16px; border:1px solid #e0e0e0; border-radius:8px;\">\ud83c\uddf8\ud83c\udde6 Ar\u00e1bia Saudita<\/span>\n      <span style=\"padding:10px 16px; border:1px solid #e0e0e0; border-radius:8px;\">\ud83c\uddf6\ud83c\udde6 Catar<\/span>\n      <span style=\"padding:10px 16px; border:1px solid #e0e0e0; border-radius:8px;\">\ud83c\uddf0\ud83c\uddfc Kuwait<\/span>\n\n      <span style=\"padding:10px 16px; border:1px solid #e0e0e0; border-radius:8px;\">\ud83c\uddea\ud83c\uddf8 Espanha<\/span>\n      <span style=\"padding:10px 16px; border:1px solid #e0e0e0; border-radius:8px;\">\ud83c\uddf5\ud83c\uddf9 Portugal<\/span>\n      <span style=\"padding:10px 16px; border:1px solid #e0e0e0; border-radius:8px;\">\ud83c\uddec\ud83c\uddf7 Gr\u00e9cia<\/span>\n      <span style=\"padding:10px 16px; border:1px solid #e0e0e0; border-radius:8px;\">\ud83c\uddf5\ud83c\uddf1 Pol\u00f4nia<\/span>\n\n      <span style=\"padding:10px 16px; border:1px solid #e0e0e0; border-radius:8px;\">\ud83c\udde9\ud83c\uddea Alemanha<\/span>\n      <span style=\"padding:10px 16px; border:1px solid #e0e0e0; border-radius:8px;\">\ud83c\uddeb\ud83c\uddf7 Fran\u00e7a<\/span>\n      <span style=\"padding:10px 16px; border:1px solid #e0e0e0; border-radius:8px;\">\ud83c\udde8\ud83c\udde6 Canad\u00e1<\/span>\n\n    <\/div>\n\n  <\/div>\n\n<\/section>\n\t\t<\/div>\n\t<\/div>\n<\/div><\/div><\/div><\/div><div class=\"vc_row-full-width vc_clearfix\"><\/div>\n<\/div>","protected":false},"excerpt":{"rendered":"Solicite Detalhes do Produto e ValoresAplicativos para Restaurantes e Plataforma de Marketplace Multi-Restaurantes White Label Selecione o produto de seu interesse e compartilhe alguns detalhes sobre o seu neg\u00f3cio. Enviaremos valores, escopo de funcionalidades, op\u00e7\u00f5es de implanta\u00e7\u00e3o e pr\u00f3ximos passos espec\u00edficos para a solu\u00e7\u00e3o escolhida. ou, Prefere e-mail ou WhatsApp? Email: info@foodappsco.com WhatsApp: Perguntas R\u00e1pidas [...]","protected":false},"author":1,"featured_media":0,"parent":0,"menu_order":0,"comment_status":"closed","ping_status":"closed","template":"","meta":{"footnotes":""},"class_list":["post-10136","page","type-page","status-publish","hentry"],"lang":"pt","translations":{"pt":10136,"de":2774,"en":303,"es":2997,"fr":4011},"_links":{"self":[{"href":"https:\/\/www.foodappsco.com\/pt\/wp-json\/wp\/v2\/pages\/10136","targetHints":{"allow":["GET"]}}],"collection":[{"href":"https:\/\/www.foodappsco.com\/pt\/wp-json\/wp\/v2\/pages"}],"about":[{"href":"https:\/\/www.foodappsco.com\/pt\/wp-json\/wp\/v2\/types\/page"}],"author":[{"embeddable":true,"href":"https:\/\/www.foodappsco.com\/pt\/wp-json\/wp\/v2\/users\/1"}],"replies":[{"embeddable":true,"href":"https:\/\/www.foodappsco.com\/pt\/wp-json\/wp\/v2\/comments?post=10136"}],"version-history":[{"count":0,"href":"https:\/\/www.foodappsco.com\/pt\/wp-json\/wp\/v2\/pages\/10136\/revisions"}],"wp:attachment":[{"href":"https:\/\/www.foodappsco.com\/pt\/wp-json\/wp\/v2\/media?parent=10136"}],"curies":[{"name":"wp","href":"https:\/\/api.w.org\/{rel}","templated":true}]}}