{"id":3478,"date":"2020-12-24T14:26:35","date_gmt":"2020-12-24T14:26:35","guid":{"rendered":"https:\/\/www.foodappsco.com\/?page_id=3478"},"modified":"2020-08-15T05:09:08","modified_gmt":"2020-08-15T05:09:08","slug":"programa-de-revendedor-de-aplicaciones-de-marca-blanca","status":"publish","type":"page","link":"https:\/\/www.foodappsco.com\/es\/programa-de-revendedor-de-aplicaciones-de-marca-blanca\/","title":{"rendered":"Programa de revendedor de aplicaciones de marca blanca"},"content":{"rendered":"<div class=\"wpb-content-wrapper\"><div class=\"vc_row wpb_row vc_row-fluid\"><div class=\"section-padding padding_top_none wpb_column vc_column_container vc_col-sm-12\"><div class=\"vc_column-inner vc_custom_1518898768932\"><div class=\"wpb_wrapper\"><div class=\"vc_row wpb_row vc_inner vc_row-fluid\"><div class=\"wpb_column vc_column_container vc_col-sm-8\"><div class=\"vc_column-inner\"><div class=\"wpb_wrapper\"><h6 style=\"font-size: 20px;color: #dd3333;line-height: 30px;text-align: center;font-family:Merienda;font-weight:700;font-style:normal\" class=\"vc_custom_heading vc_do_custom_heading vc_custom_1597415683733\" >Programa de revendedores de aplicaciones de marca blanca: aplicaciones para restaurantes<\/h6><h2 style=\"text-align: center\" class=\"vc_custom_heading vc_do_custom_heading\" >Construya sus conexiones y haga crecer su negocio con nosotros.<\/h2>\n\t<div class=\"wpb_text_column wpb_content_element wpb_animate_when_almost_visible wpb_fadeIn fadeIn vc_custom_1597415725585\" >\n\t\t<div class=\"wpb_wrapper\">\n\t\t\t<p style=\"text-align: center;\">Si est\u00e1s en el negocio o est\u00e1s en el campo del marketing y est\u00e1s en contacto con muchos due\u00f1os de restaurantes. Entonces puede ser nuestro socio del Programa de revendedores de aplicaciones White Label y comenzar a obtener ingresos con nuestra gama de productos digitales para la industria alimentaria. Solo necesita colaborar con nosotros y comenzar a vender los productos de inmediato sin gastar miles de d\u00f3lares por adelantado para hacer su propio producto.<\/p>\n\n\t\t<\/div>\n\t<\/div>\n\n\t<div class=\"wpb_text_column wpb_content_element wpb_animate_when_almost_visible wpb_fadeIn fadeIn vc_custom_1597415750798\" >\n\t\t<div class=\"wpb_wrapper\">\n\t\t\t<p style=\"text-align: center;\">\u00danase a nuestro Programa de revendedores de aplicaciones de marca blanca hoy y configuramos su negocio de marca para que pueda comenzar a vender y apoyar a sus clientes de restaurantes locales en este per\u00edodo pand\u00e9mico de COVID 19.<\/p>\n\n\t\t<\/div>\n\t<\/div>\n<\/div><\/div><\/div><div class=\"wpb_column vc_column_container vc_col-sm-4\"><div class=\"vc_column-inner\"><div class=\"wpb_wrapper\">\n\t<div  class=\"wpb_single_image wpb_content_element vc_align_center wpb_content_element\">\n\t\t\n\t\t<figure class=\"wpb_wrapper vc_figure\">\n\t\t\t<div class=\"vc_single_image-wrapper   vc_box_border_grey\"><img loading=\"lazy\" decoding=\"async\" width=\"241\" height=\"300\" src=\"https:\/\/www.foodappsco.com\/wp-content\/uploads\/2020\/02\/white-label-reseller-partnership-1-241x300.png\" class=\"vc_single_image-img attachment-medium\" alt=\"White Label App Reseller Program\" title=\"white-label-reseller-partnership\" srcset=\"https:\/\/www.foodappsco.com\/wp-content\/uploads\/2020\/02\/white-label-reseller-partnership-1-241x300.png 241w, https:\/\/www.foodappsco.com\/wp-content\/uploads\/2020\/02\/white-label-reseller-partnership-1.png 385w\" sizes=\"auto, (max-width: 241px) 100vw, 241px\" \/><\/div>\n\t\t<\/figure>\n\t<\/div>\n<\/div><\/div><\/div><\/div><div class=\"vc_row wpb_row vc_inner vc_row-fluid vc_custom_1581368226969\"><div class=\"wpb_column vc_column_container vc_col-sm-12\"><div class=\"vc_column-inner\"><div class=\"wpb_wrapper\"><section class=\"vc_cta3-container\"><div class=\"vc_general vc_do_cta3 vc_cta3 vc_cta3-style-flat vc_cta3-shape-rounded vc_cta3-align-center vc_cta3-color-white vc_cta3-icons-on-border vc_cta3-icon-size-lg vc_cta3-icons-in-box vc_cta3-icons-top\"><div class=\"vc_cta3-icons\"><div class=\"vc_icon_element vc_icon_element-outer vc_do_icon vc_icon_element-align-left vc_icon_element-have-style\"><div class=\"vc_icon_element-inner vc_icon_element-color-juicy_pink vc_icon_element-have-style-inner vc_icon_element-size-lg vc_icon_element-style-rounded-outline vc_icon_element-outline vc_icon_element-background-color-grey\" ><span class=\"vc_icon_element-icon fa fa-signal\" ><\/span><\/div><\/div><\/div><div class=\"vc_cta3_content-container\"><div class=\"vc_cta3-content\"><header class=\"vc_cta3-content-header\"><h2>Beneficios del programa de revendedores de aplicaciones de marca blanca de foodappsco.com<\/h2><\/header><p>Diferentes tipos de sistemas de pedidos de alimentos en la industria de restaurantes est\u00e1n floreciendo hoy en d\u00eda. Sabemos que es una era digital y la era en la que los servicios sin contacto se vuelven esenciales debido a las situaciones de la pandemia de COVID 19, existe una gran oportunidad para establecer nuevos clientes de restaurantes a trav\u00e9s de nuestros productos digitales. Puede obtener un ingreso residual regular vendiendo soluciones listas o personalizadas a sus clientes de restaurantes disponibles m\u00e1s cercanos si se une hoy al &#8220;Programa de revendedores de aplicaciones de marca blanca&#8221;.<\/p>\n<\/div><\/div><\/div><\/section><\/div><\/div><\/div><\/div><div class=\"vc_row wpb_row vc_inner vc_row-fluid\"><div class=\"wpb_column vc_column_container vc_col-sm-4\"><div class=\"vc_column-inner\"><div class=\"wpb_wrapper\"><div class=\"vc_icon_element vc_icon_element-outer vc_do_icon vc_icon_element-align-center\"><div class=\"vc_icon_element-inner vc_icon_element-color-juicy_pink vc_icon_element-size-lg vc_icon_element-style- vc_icon_element-background-color-grey\" ><span class=\"vc_icon_element-icon fa fa-tag\" ><\/span><\/div><\/div><h6 style=\"text-align: center\" class=\"vc_custom_heading vc_do_custom_heading\" >Soluciones 100% de marca blanca<\/h6>\n\t<div class=\"wpb_text_column wpb_content_element wpb_animate_when_almost_visible wpb_fadeIn fadeIn vc_custom_1597415890238\" >\n\t\t<div class=\"wpb_wrapper\">\n\t\t\t<p style=\"text-align: center;\">Su negocio, sus clientes. Trabajamos como socio t\u00e9cnico backend. Tu marca comercial ser\u00e1 la cara.<\/p>\n\n\t\t<\/div>\n\t<\/div>\n<\/div><\/div><\/div><div class=\"wpb_column vc_column_container vc_col-sm-4\"><div class=\"vc_column-inner\"><div class=\"wpb_wrapper\"><div class=\"vc_icon_element vc_icon_element-outer vc_do_icon vc_icon_element-align-center\"><div class=\"vc_icon_element-inner vc_icon_element-color-juicy_pink vc_icon_element-size-lg vc_icon_element-style- vc_icon_element-background-color-grey\" ><span class=\"vc_icon_element-icon fa fa-usd\" ><\/span><\/div><\/div><h6 style=\"text-align: center\" class=\"vc_custom_heading vc_do_custom_heading\" >Paquetes especiales<\/h6>\n\t<div class=\"wpb_text_column wpb_content_element wpb_animate_when_almost_visible wpb_fadeIn fadeIn vc_custom_1597415917516\" >\n\t\t<div class=\"wpb_wrapper\">\n\t\t\t<p style=\"text-align: center;\">Paquetes a granel especiales para socios revendedores, crea una forma de obtener m\u00e1s oportunidades de ingresos.<\/p>\n\n\t\t<\/div>\n\t<\/div>\n<\/div><\/div><\/div><div class=\"wpb_column vc_column_container vc_col-sm-4\"><div class=\"vc_column-inner\"><div class=\"wpb_wrapper\"><div class=\"vc_icon_element vc_icon_element-outer vc_do_icon vc_icon_element-align-center\"><div class=\"vc_icon_element-inner vc_icon_element-color-juicy_pink vc_icon_element-size-lg vc_icon_element-style- vc_icon_element-background-color-grey\" ><span class=\"vc_icon_element-icon fa fa-line-chart\" ><\/span><\/div><\/div><h6 style=\"text-align: center\" class=\"vc_custom_heading vc_do_custom_heading\" >Altos m\u00e1rgenes<\/h6>\n\t<div class=\"wpb_text_column wpb_content_element wpb_animate_when_almost_visible wpb_fadeIn fadeIn vc_custom_1597415949842\" >\n\t\t<div class=\"wpb_wrapper\">\n\t\t\t<p style=\"text-align: center;\">Nuestros pocos socios revendedores ya obtienen m\u00e1rgenes de 100% -150%. Puede cobrar a sus clientes por encima de nuestro precio especial.<\/p>\n\n\t\t<\/div>\n\t<\/div>\n<\/div><\/div><\/div><\/div><div class=\"vc_row wpb_row vc_inner vc_row-fluid vc_custom_1581453161642\"><div class=\"wpb_column vc_column_container vc_col-sm-4\"><div class=\"vc_column-inner\"><div class=\"wpb_wrapper\"><div class=\"vc_icon_element vc_icon_element-outer vc_do_icon vc_icon_element-align-center\"><div class=\"vc_icon_element-inner vc_icon_element-color-juicy_pink vc_icon_element-size-lg vc_icon_element-style- vc_icon_element-background-color-grey\" ><span class=\"vc_icon_element-icon fa fa-handshake-o\" ><\/span><\/div><\/div><h6 style=\"text-align: center\" class=\"vc_custom_heading vc_do_custom_heading\" >Soporte 100%<\/h6>\n\t<div class=\"wpb_text_column wpb_content_element wpb_animate_when_almost_visible wpb_fadeIn fadeIn vc_custom_1597415977033\" >\n\t\t<div class=\"wpb_wrapper\">\n\t\t\t<p style=\"text-align: center;\">Nuestro equipo le proporcionar\u00e1 un soporte t\u00e9cnico completo, as\u00ed como material de marketing, referencias de proyectos anteriores, etc.<\/p>\n\n\t\t<\/div>\n\t<\/div>\n<\/div><\/div><\/div><div class=\"wpb_column vc_column_container vc_col-sm-4\"><div class=\"vc_column-inner\"><div class=\"wpb_wrapper\"><div class=\"vc_icon_element vc_icon_element-outer vc_do_icon vc_icon_element-align-center\"><div class=\"vc_icon_element-inner vc_icon_element-color-juicy_pink vc_icon_element-size-lg vc_icon_element-style- vc_icon_element-background-color-grey\" ><span class=\"vc_icon_element-icon fa fa-sitemap\" ><\/span><\/div><\/div><h6 style=\"text-align: center\" class=\"vc_custom_heading vc_do_custom_heading\" >Desarrollo listo \/ personalizado<\/h6>\n\t<div class=\"wpb_text_column wpb_content_element wpb_animate_when_almost_visible wpb_fadeIn fadeIn vc_custom_1597416003277\" >\n\t\t<div class=\"wpb_wrapper\">\n\t\t\t<p style=\"text-align: center;\">Contamos con un equipo de desarrollo interno. Por lo tanto, es f\u00e1cil para usted revender productos listos o puede realizar proyectos de desarrollo personalizados.<\/p>\n\n\t\t<\/div>\n\t<\/div>\n<\/div><\/div><\/div><div class=\"wpb_column vc_column_container vc_col-sm-4\"><div class=\"vc_column-inner\"><div class=\"wpb_wrapper\"><div class=\"vc_icon_element vc_icon_element-outer vc_do_icon vc_icon_element-align-center\"><div class=\"vc_icon_element-inner vc_icon_element-color-juicy_pink vc_icon_element-size-lg vc_icon_element-style- vc_icon_element-background-color-grey\" ><span class=\"vc_icon_element-icon fa fa-globe\" ><\/span><\/div><\/div><h6 style=\"text-align: center\" class=\"vc_custom_heading vc_do_custom_heading\" >Sitio web comercial<\/h6>\n\t<div class=\"wpb_text_column wpb_content_element wpb_animate_when_almost_visible wpb_fadeIn fadeIn vc_custom_1597416032001\" >\n\t\t<div class=\"wpb_wrapper\">\n\t\t\t<p style=\"text-align: center;\">Le proporcionamos un nuevo sitio web que contiene toda la informaci\u00f3n sobre estas soluciones para que pueda comenzar como un negocio profesional.<\/p>\n\n\t\t<\/div>\n\t<\/div>\n<\/div><\/div><\/div><\/div><\/div><\/div><\/div><\/div><section data-vc-full-width=\"true\" data-vc-full-width-temp=\"true\" data-vc-full-width-init=\"false\" class=\"vc_section vc_custom_1597174211943 vc_section-has-fill vc_section-o-content-middle vc_section-flex\"><div class=\"vc_row wpb_row vc_row-fluid vc_custom_1597173098161 vc_row-o-content-middle vc_row-flex\"><div class=\"wpb_column vc_column_container vc_col-sm-12\"><div class=\"vc_column-inner\"><div class=\"wpb_wrapper\"><h6 style=\"font-size: 20px;color: #dd3333;line-height: 30px;text-align: center;font-family:Merienda;font-weight:700;font-style:normal\" class=\"vc_custom_heading vc_do_custom_heading vc_custom_1597416060862\" >Programa de revendedores de aplicaciones White Label - \u00a1\u00danase ahora!<\/h6><h2 style=\"color: #ffffff;text-align: center\" class=\"vc_custom_heading vc_do_custom_heading\" >\u00bfQu\u00e9 obtienes cuando te conviertes en socio con nosotros?<\/h2>\n\t<div class=\"wpb_text_column wpb_content_element vc_custom_1597416110065\" >\n\t\t<div class=\"wpb_wrapper\">\n\t\t\t<p style=\"text-align: center; color: white;\">No solo ofrecemos productos a precios especiales a nuestros socios, sino que nuestro Programa de revendedores de aplicaciones de marca blanca le permiti\u00f3 establecer una nueva marca comercial adecuada. Solo tiene que concentrarse en establecer relaciones con el marketing de su negocio con los clientes de su restaurante. Le proporcionamos lo siguiente cuando se une a nuestro Programa de revendedores de aplicaciones.<\/p>\n\n\t\t<\/div>\n\t<\/div>\n<\/div><\/div><\/div><\/div><div data-vc-full-width=\"true\" data-vc-full-width-temp=\"true\" data-vc-full-width-init=\"false\" data-vc-stretch-content=\"true\" class=\"vc_row wpb_row vc_row-fluid vc_custom_1597174419982\"><div class=\"wpb_column vc_column_container vc_col-sm-12\"><div class=\"vc_column-inner\"><div class=\"wpb_wrapper\"><div class=\"vc_row wpb_row vc_inner vc_row-fluid\"><div class=\"wpb_column vc_column_container vc_col-sm-1\/5\"><div class=\"vc_column-inner\"><div class=\"wpb_wrapper\"><div class=\"vc_icon_element vc_icon_element-outer vc_do_icon vc_icon_element-align-center\"><div class=\"vc_icon_element-inner vc_icon_element-color-juicy_pink vc_icon_element-size-lg vc_icon_element-style- vc_icon_element-background-color-grey\" ><span class=\"vc_icon_element-icon fa fa-handshake-o\" ><\/span><\/div><\/div><h6 style=\"color: #ffffff;text-align: center\" class=\"vc_custom_heading vc_do_custom_heading\" >Sitio web empresarial listo<\/h6>\n\t<div class=\"wpb_text_column wpb_content_element vc_custom_1597467712187\" >\n\t\t<div class=\"wpb_wrapper\">\n\t\t\t<p style=\"text-align: center; color: white;\">Sitio web de marketing con toda la informaci\u00f3n del producto en la marca de su empresa.<\/p>\n\n\t\t<\/div>\n\t<\/div>\n<\/div><\/div><\/div><div class=\"wpb_column vc_column_container vc_col-sm-1\/5\"><div class=\"vc_column-inner\"><div class=\"wpb_wrapper\"><div class=\"vc_icon_element vc_icon_element-outer vc_do_icon vc_icon_element-align-center\"><div class=\"vc_icon_element-inner vc_icon_element-color-juicy_pink vc_icon_element-size-lg vc_icon_element-style- vc_icon_element-background-color-grey\" ><span class=\"vc_icon_element-icon fa fa-handshake-o\" ><\/span><\/div><\/div><h6 style=\"color: #ffffff;text-align: center\" class=\"vc_custom_heading vc_do_custom_heading\" >Aplicaciones web y m\u00f3viles de demostraci\u00f3n<\/h6>\n\t<div class=\"wpb_text_column wpb_content_element vc_custom_1597467735266\" >\n\t\t<div class=\"wpb_wrapper\">\n\t\t\t<p style=\"text-align: center; color: white;\">Demostraci\u00f3n Web de pedidos de aplicaciones m\u00f3viles en la marca de su empresa.<\/p>\n\n\t\t<\/div>\n\t<\/div>\n<\/div><\/div><\/div><div class=\"wpb_column vc_column_container vc_col-sm-1\/5\"><div class=\"vc_column-inner\"><div class=\"wpb_wrapper\"><div class=\"vc_icon_element vc_icon_element-outer vc_do_icon vc_icon_element-align-center\"><div class=\"vc_icon_element-inner vc_icon_element-color-juicy_pink vc_icon_element-size-lg vc_icon_element-style- vc_icon_element-background-color-grey\" ><span class=\"vc_icon_element-icon fa fa-handshake-o\" ><\/span><\/div><\/div><h6 style=\"color: #ffffff;text-align: center\" class=\"vc_custom_heading vc_do_custom_heading\" >Soporte 100%<\/h6>\n\t<div class=\"wpb_text_column wpb_content_element vc_custom_1597467761959\" >\n\t\t<div class=\"wpb_wrapper\">\n\t\t\t<p style=\"text-align: center; color: white;\">Soporte t\u00e9cnico completo que incluye producto, tienda de aplicaciones de servidor.<\/p>\n\n\t\t<\/div>\n\t<\/div>\n<\/div><\/div><\/div><div class=\"wpb_column vc_column_container vc_col-sm-1\/5\"><div class=\"vc_column-inner\"><div class=\"wpb_wrapper\"><div class=\"vc_icon_element vc_icon_element-outer vc_do_icon vc_icon_element-align-center\"><div class=\"vc_icon_element-inner vc_icon_element-color-juicy_pink vc_icon_element-size-lg vc_icon_element-style- vc_icon_element-background-color-grey\" ><span class=\"vc_icon_element-icon fa fa-handshake-o\" ><\/span><\/div><\/div><h6 style=\"color: #ffffff;text-align: center\" class=\"vc_custom_heading vc_do_custom_heading\" >Precios especiales<\/h6>\n\t<div class=\"wpb_text_column wpb_content_element vc_custom_1597467783932\" >\n\t\t<div class=\"wpb_wrapper\">\n\t\t\t<p style=\"text-align: center; color: white;\">Precios especiales de socios para cada l\u00ednea de productos para que puedas venderlos c\u00f3modamente.<\/p>\n\n\t\t<\/div>\n\t<\/div>\n<\/div><\/div><\/div><div class=\"wpb_column vc_column_container vc_col-sm-1\/5\"><div class=\"vc_column-inner\"><div class=\"wpb_wrapper\"><div class=\"vc_icon_element vc_icon_element-outer vc_do_icon vc_icon_element-align-center\"><div class=\"vc_icon_element-inner vc_icon_element-color-juicy_pink vc_icon_element-size-lg vc_icon_element-style- vc_icon_element-background-color-grey\" ><span class=\"vc_icon_element-icon fa fa-handshake-o\" ><\/span><\/div><\/div><h6 style=\"color: #ffffff;text-align: center\" class=\"vc_custom_heading vc_do_custom_heading\" >Material de marketing<\/h6>\n\t<div class=\"wpb_text_column wpb_content_element vc_custom_1597467805540\" >\n\t\t<div class=\"wpb_wrapper\">\n\t\t\t<p style=\"text-align: center; color: white;\">Le proporcionamos todos los materiales de marketing. Puede marcarlos con el logotipo de su empresa.<\/p>\n\n\t\t<\/div>\n\t<\/div>\n<\/div><\/div><\/div><\/div><\/div><\/div><\/div><\/div><div class=\"vc_row-full-width vc_clearfix\"><\/div><\/section><div class=\"vc_row-full-width vc_clearfix\"><\/div><div class=\"vc_row wpb_row vc_row-fluid vc_custom_1597176178304\"><div class=\"wpb_column vc_column_container vc_col-sm-12\"><div class=\"vc_column-inner vc_custom_1518904043949\"><div class=\"wpb_wrapper\"><section class=\"vc_cta3-container\"><div class=\"vc_general vc_do_cta3 vc_cta3 vc_cta3-style-flat vc_cta3-shape-rounded vc_cta3-align-center vc_cta3-color-white vc_cta3-icons-on-border vc_cta3-icon-size-xl vc_cta3-icons-in-box vc_cta3-icons-top\"><div class=\"vc_cta3-icons\"><div class=\"vc_icon_element vc_icon_element-outer vc_do_icon vc_icon_element-align-left vc_icon_element-have-style\"><div class=\"vc_icon_element-inner vc_icon_element-color-juicy_pink vc_icon_element-have-style-inner vc_icon_element-size-xl vc_icon_element-style-rounded-outline vc_icon_element-outline vc_icon_element-background-color-grey\" ><span class=\"vc_icon_element-icon fa fa-envelope\" ><\/span><\/div><\/div><\/div><div class=\"vc_cta3_content-container\"><div class=\"vc_cta3-content\"><header class=\"vc_cta3-content-header\"><h2>Obtenga m\u00e1s informaci\u00f3n sobre nuestro programa de revendedores de aplicaciones White Label hoy mismo.<\/h2><\/header><p>\u00a1Estamos en la producci\u00f3n de productos digitales con tecnolog\u00eda inteligente de vanguardia! Juntos podemos hacer grandes asignaciones ayudando a las empresas en este per\u00edodo de corona a lograr m\u00e1s con la automatizaci\u00f3n de sus procesos diarios. Complete el formulario a continuaci\u00f3n y nuestra persona de negocios se comunicar\u00e1 con usted para brindarle los detalles del &#8220;Programa de revendedor de aplicaciones de marca blanca&#8221; dentro de las pr\u00f3ximas 12-24 horas.<\/p>\n<\/div><\/div><\/div><\/section>\n<div class=\"wpcf7 no-js\" id=\"wpcf7-f2587-o1\" lang=\"en-US\" dir=\"ltr\" data-wpcf7-id=\"2587\">\n<div class=\"screen-reader-response\"><p role=\"status\" aria-live=\"polite\" aria-atomic=\"true\"><\/p> <ul><\/ul><\/div>\n<form action=\"\/es\/wp-json\/wp\/v2\/pages\/3478#wpcf7-f2587-o1\" method=\"post\" class=\"wpcf7-form init\" aria-label=\"Contact form\" novalidate=\"novalidate\" data-status=\"init\" data-trp-original-action=\"\/es\/wp-json\/wp\/v2\/pages\/3478#wpcf7-f2587-o1\">\n<fieldset class=\"hidden-fields-container\"><input type=\"hidden\" name=\"_wpcf7\" value=\"2587\" \/><input type=\"hidden\" name=\"_wpcf7_version\" value=\"6.1.5\" \/><input type=\"hidden\" name=\"_wpcf7_locale\" value=\"en_US\" \/><input type=\"hidden\" name=\"_wpcf7_unit_tag\" value=\"wpcf7-f2587-o1\" \/><input type=\"hidden\" name=\"_wpcf7_container_post\" value=\"0\" \/><input type=\"hidden\" name=\"_wpcf7_posted_data_hash\" value=\"\" \/>\n<\/fieldset>\n<div class=\"contact_form div_zindex white-text text-center primary-bg\">\n\t<div class=\"col-md-6\">\n\t\t<div class=\"form-group\">\n\t\t\t<p><span class=\"wpcf7-form-control-wrap\" data-name=\"your-name\"><input size=\"40\" maxlength=\"400\" class=\"wpcf7-form-control wpcf7-text wpcf7-validates-as-required form-control\" aria-required=\"true\" aria-invalid=\"false\" placeholder=\"Name\" value=\"\" type=\"text\" name=\"your-name\" \/><\/span>\n\t\t\t<\/p>\n\t\t<\/div>\n\t<\/div>\n\t<div class=\"col-md-6\">\n\t\t<div class=\"form-group\">\n\t\t\t<p><span class=\"wpcf7-form-control-wrap\" data-name=\"your-email\"><input size=\"40\" maxlength=\"400\" class=\"wpcf7-form-control wpcf7-email wpcf7-validates-as-required wpcf7-text wpcf7-validates-as-email form-control\" aria-required=\"true\" aria-invalid=\"false\" placeholder=\"Correo electr\u00f3nico\" value=\"\" type=\"email\" name=\"your-email\" \/><\/span>\n\t\t\t<\/p>\n\t\t<\/div>\n\t<\/div>\n\t<div class=\"col-md-6\">\n\t\t<div class=\"form-group\">\n\t\t\t<p><span class=\"wpcf7-form-control-wrap\" data-name=\"whatsapp\"><input class=\"wpcf7-form-control wpcf7-number wpcf7-validates-as-required wpcf7-validates-as-number\" aria-required=\"true\" aria-invalid=\"false\" placeholder=\"Phone No. with country code\" value=\"\" type=\"number\" name=\"whatsapp\" \/><\/span>\n\t\t\t<\/p>\n\t\t<\/div>\n\t<\/div>\n\t<div class=\"col-md-6\">\n\t\t<div class=\"form-group\">\n\t\t\t<p><span class=\"wpcf7-form-control-wrap\" data-name=\"budget\"><input size=\"40\" maxlength=\"400\" class=\"wpcf7-form-control wpcf7-text form-control\" aria-invalid=\"false\" placeholder=\"Business Name\" value=\"\" type=\"text\" name=\"budget\" \/><\/span>\n\t\t\t<\/p>\n\t\t<\/div>\n\t<\/div>\n\t<div class=\"col-md-12\">\n\t\t<div class=\"form-group\">\n\t\t\t<p><span class=\"wpcf7-form-control-wrap\" data-name=\"city\"><input size=\"40\" maxlength=\"400\" class=\"wpcf7-form-control wpcf7-text wpcf7-validates-as-required form-control\" aria-required=\"true\" aria-invalid=\"false\" placeholder=\"City &amp; Country\" value=\"\" type=\"text\" name=\"city\" \/><\/span>\n\t\t\t<\/p>\n\t\t<\/div>\n\t<\/div>\n\t<div class=\"col-md-12\">\n\t\t<div class=\"form-group\">\n\t\t\t<p><span class=\"wpcf7-form-control-wrap\" data-name=\"textarea-947\"><textarea cols=\"40\" rows=\"10\" maxlength=\"2000\" class=\"wpcf7-form-control wpcf7-textarea wpcf7-validates-as-required\" aria-required=\"true\" aria-invalid=\"false\" placeholder=\"Want to know more about Reseller Program? or Something else?\" name=\"textarea-947\"><\/textarea><\/span>\n\t\t\t<\/p>\n\t\t<\/div>\n\t<\/div>\n\t<div class=\"col-md-12\">\n\t\t<div class=\"form-group\">\n\t\t\t<p>By using this form you agree with the storage and handling of your data by the FoodAppsCo\u2122 team for responding to your query.\n\t\t\t<\/p>\n\t\t\t<p><span class=\"wpcf7-form-control-wrap\" data-name=\"hcap-cf7\">\t\t<input\n\t\t\t\ttype=\"hidden\"\n\t\t\t\tclass=\"hcaptcha-widget-id\"\n\t\t\t\tname=\"hcaptcha-widget-id\"\n\t\t\t\tvalue=\"eyJzb3VyY2UiOlsiY29udGFjdC1mb3JtLTdcL3dwLWNvbnRhY3QtZm9ybS03LnBocCJdLCJmb3JtX2lkIjoyNTg3fQ==-ebd23050c3083cf87a5d52d346f55d02\">\n\t\t\t\t<span id=\"hcap_cf7-69d46c1d05f894.71200050\" class=\"wpcf7-form-control h-captcha\"\n\t\t\tdata-sitekey=\"58f7b6eb-bac8-449b-a823-083e8af0346d\"\n\t\t\tdata-theme=\"light\"\n\t\t\tdata-size=\"invisible\"\n\t\t\tdata-auto=\"false\"\n\t\t\tdata-ajax=\"false\"\n\t\t\tdata-force=\"false\">\n\t\t<\/span>\n\t\t<input type=\"hidden\" id=\"_wpnonce\" name=\"_wpnonce\" value=\"adc88f4c6d\" \/><input type=\"hidden\" name=\"_wp_http_referer\" value=\"\/es\/wp-json\/wp\/v2\/pages\/3478\" \/><\/span><input class=\"wpcf7-form-control wpcf7-submit has-spinner btn\" type=\"submit\" value=\"Send Message\" \/>\n\t\t\t<\/p>\n\t\t\t<p>We are committed to protecting and respecting your privacy, and we\u2019ll only use your personal information to administer your account and to provide the products and services you requested from us.\n\t\t\t<\/p>\n\t\t<\/div>\n\t<\/div>\n<\/div><input type='hidden' class='wpcf7-pum' value='{\"closepopup\":false,\"closedelay\":0,\"openpopup\":false,\"openpopup_id\":0}' \/><div class=\"wpcf7-response-output\" aria-hidden=\"true\"><\/div>\n<input type=\"hidden\" name=\"trp-form-language\" value=\"es\"\/><\/form>\n<\/div>\n<\/div><\/div><\/div><\/div><div class=\"vc_row wpb_row vc_row-fluid vc_custom_1555707131613\"><div class=\"wpb_column vc_column_container vc_col-sm-12\"><div class=\"vc_column-inner\"><div class=\"wpb_wrapper\">\n\t<div class=\"wpb_text_column wpb_content_element\" >\n\t\t<div class=\"wpb_wrapper\">\n\t\t\t<p style=\"text-align: center;\">Programa de revendedores de marca blanca &#8211; Programa de revendedores de aplicaciones de etiqueta blanca &#8211; M\u00e9xico, Espa\u00f1a, Argentina, Ecuador, Rep\u00fablica Dominicana, El Salvador, Colombia.<\/p>\n\n\t\t<\/div>\n\t<\/div>\n<\/div><\/div><\/div><\/div>\n<\/div>","protected":false},"excerpt":{"rendered":"Programa de revendedores de aplicaciones de marca blanca: aplicaciones para restaurantesConstruya sus conexiones y haga crecer su negocio con nosotros. Si est\u00e1s en el negocio o est\u00e1s en el campo del marketing y est\u00e1s en contacto con muchos due\u00f1os de restaurantes. Entonces puede ser nuestro socio del Programa de revendedores de aplicaciones White Label y [...]","protected":false},"author":1,"featured_media":0,"parent":0,"menu_order":0,"comment_status":"closed","ping_status":"closed","template":"","meta":{"footnotes":""},"class_list":["post-3478","page","type-page","status-publish","hentry"],"lang":"es","translations":{"es":3478},"_links":{"self":[{"href":"https:\/\/www.foodappsco.com\/es\/wp-json\/wp\/v2\/pages\/3478","targetHints":{"allow":["GET"]}}],"collection":[{"href":"https:\/\/www.foodappsco.com\/es\/wp-json\/wp\/v2\/pages"}],"about":[{"href":"https:\/\/www.foodappsco.com\/es\/wp-json\/wp\/v2\/types\/page"}],"author":[{"embeddable":true,"href":"https:\/\/www.foodappsco.com\/es\/wp-json\/wp\/v2\/users\/1"}],"replies":[{"embeddable":true,"href":"https:\/\/www.foodappsco.com\/es\/wp-json\/wp\/v2\/comments?post=3478"}],"version-history":[{"count":0,"href":"https:\/\/www.foodappsco.com\/es\/wp-json\/wp\/v2\/pages\/3478\/revisions"}],"wp:attachment":[{"href":"https:\/\/www.foodappsco.com\/es\/wp-json\/wp\/v2\/media?parent=3478"}],"curies":[{"name":"wp","href":"https:\/\/api.w.org\/{rel}","templated":true}]}}