{"id":2774,"date":"2026-02-28T16:46:48","date_gmt":"2026-02-28T16:46:48","guid":{"rendered":"https:\/\/www.foodappsco.com\/?page_id=2774"},"modified":"2026-02-28T08:40:02","modified_gmt":"2026-02-28T08:40:02","slug":"wenden-sie-sich-an-das-unternehmen-fuer-lebensmittelversand-apps","status":"publish","type":"page","link":"https:\/\/www.foodappsco.com\/de\/wenden-sie-sich-an-das-unternehmen-fuer-lebensmittelversand-apps\/","title":{"rendered":"Kontakt \u2013 Restaurant- und Marktplatzl\u00f6sungen"},"content":{"rendered":"<div class=\"wpb-content-wrapper\"><div class=\"vc_row wpb_row vc_row-fluid vc_custom_1579445251479\"><div class=\"wpb_column vc_column_container vc_col-sm-12\"><div class=\"vc_column-inner\"><div class=\"wpb_wrapper\"><div class=\"vc_row wpb_row vc_inner vc_row-fluid\"><div class=\"section-header wpb_column vc_column_container vc_col-sm-12\"><div class=\"vc_column-inner\"><div class=\"wpb_wrapper\"><h6 style=\"font-size: 20px;color: #dd3333;line-height: 30px;text-align: center\" class=\"vc_custom_heading vc_do_custom_heading\" >In Kontakt kommen<\/h6><h2 style=\"text-align: center\" class=\"vc_custom_heading vc_do_custom_heading\" >Restaurant-Apps \/ Marktplatz f\u00fcr mehrere Restaurants<\/h2>\n\t<div class=\"wpb_text_column wpb_content_element vc_custom_1664722106677\" >\n\t\t<div class=\"wpb_wrapper\">\n\t\t\t<p style=\"text-align: center;\">Geben Sie einfach Ihre Kontaktinformationen und Informationen zu Ihrem Unternehmen ein. Unser Business Analyst arbeitet hart an Ihren Anforderungen und meldet sich mit einem detaillierten Plan f\u00fcr die digitale Einf\u00fchrung bei Ihnen<\/p>\n\n\t\t<\/div>\n\t<\/div>\n<div class=\"vc_empty_space\"   style=\"height: 50px\"><span class=\"vc_empty_space_inner\"><\/span><\/div><h2 style=\"text-align: center\" class=\"vc_custom_heading vc_do_custom_heading\" >Deutschland Gesch\u00e4ftsadresse<\/h2>\n\t<div class=\"wpb_text_column wpb_content_element\" >\n\t\t<div class=\"wpb_wrapper\">\n\t\t\t<p class=\"p1\" style=\"text-align: center;\">Dodendorfer Stra\u00dfe 80<br \/>\n39120 Magdeburg<br \/>\nDeutschland<\/p>\n<p class=\"p2\" style=\"text-align: center;\"><span class=\"s1\"><b>E-Mail:<\/b><\/span> info@foodappsco.com<br \/>\n<span class=\"s1\"><b>Telefonnummer \/ WhatsApp:<\/b><\/span> +49 152 15457330<\/p>\n\n\t\t<\/div>\n\t<\/div>\n<\/div><\/div><\/div><\/div><div class=\"vc_row wpb_row vc_inner vc_row-fluid\"><div class=\"wpb_column vc_column_container vc_col-sm-12\"><div class=\"vc_column-inner\"><div class=\"wpb_wrapper\">\n<div class=\"wpcf7 no-js\" id=\"wpcf7-f5908-o1\" lang=\"en-US\" dir=\"ltr\" data-wpcf7-id=\"5908\">\n<div class=\"screen-reader-response\"><p role=\"status\" aria-live=\"polite\" aria-atomic=\"true\"><\/p> <ul><\/ul><\/div>\n<form action=\"\/de\/wp-json\/wp\/v2\/pages\/2774#wpcf7-f5908-o1\" method=\"post\" class=\"wpcf7-form init\" aria-label=\"Contact form\" novalidate=\"novalidate\" data-status=\"init\" data-trp-original-action=\"\/de\/wp-json\/wp\/v2\/pages\/2774#wpcf7-f5908-o1\">\n<fieldset class=\"hidden-fields-container\"><input type=\"hidden\" name=\"_wpcf7\" value=\"5908\" \/><input type=\"hidden\" name=\"_wpcf7_version\" value=\"6.1.5\" \/><input type=\"hidden\" name=\"_wpcf7_locale\" value=\"en_US\" \/><input type=\"hidden\" name=\"_wpcf7_unit_tag\" value=\"wpcf7-f5908-o1\" \/><input type=\"hidden\" name=\"_wpcf7_container_post\" value=\"0\" \/><input type=\"hidden\" name=\"_wpcf7_posted_data_hash\" value=\"\" \/>\n<\/fieldset>\n<div class=\"contact_form div_zindex white-text text-center primary-bg\">\n\t<div class=\"col-md-6\">\n\t\t<div class=\"form-group\">\n\t\t\t<p><span class=\"wpcf7-form-control-wrap\" data-name=\"your-name\"><input size=\"40\" maxlength=\"400\" class=\"wpcf7-form-control wpcf7-text wpcf7-validates-as-required form-control\" aria-required=\"true\" aria-invalid=\"false\" placeholder=\"Dein Name\" value=\"\" type=\"text\" name=\"your-name\" \/><\/span>\n\t\t\t<\/p>\n\t\t<\/div>\n\t<\/div>\n\t<div class=\"col-md-6\">\n\t\t<div class=\"form-group\">\n\t\t\t<p><span class=\"wpcf7-form-control-wrap\" data-name=\"your-email\"><input size=\"40\" maxlength=\"400\" class=\"wpcf7-form-control wpcf7-email wpcf7-validates-as-required wpcf7-text wpcf7-validates-as-email form-control\" aria-required=\"true\" aria-invalid=\"false\" placeholder=\"Deine E-Mail\" value=\"\" type=\"email\" name=\"your-email\" \/><\/span>\n\t\t\t<\/p>\n\t\t<\/div>\n\t<\/div>\n\t<div class=\"col-md-6\">\n\t\t<div class=\"form-group\">\n\t\t\t<p><span class=\"wpcf7-form-control-wrap\" data-name=\"tel-757\"><input size=\"40\" maxlength=\"400\" class=\"wpcf7-form-control wpcf7-tel wpcf7-validates-as-required wpcf7-text wpcf7-validates-as-tel form-control\" aria-required=\"true\" aria-invalid=\"false\" placeholder=\"Telefonnummer\" value=\"\" type=\"tel\" name=\"tel-757\" \/><\/span>\n\t\t\t<\/p>\n\t\t<\/div>\n\t<\/div>\n\t<div class=\"col-md-6\">\n\t\t<div class=\"form-group\">\n\t\t\t<p><span class=\"wpcf7-form-control-wrap\" data-name=\"your-subject\"><input size=\"40\" maxlength=\"400\" class=\"wpcf7-form-control wpcf7-text form-control\" aria-invalid=\"false\" placeholder=\"Name der Firma oder des Restaurants\" value=\"\" type=\"text\" name=\"your-subject\" \/><\/span>\n\t\t\t<\/p>\n\t\t<\/div>\n\t<\/div>\n\t<div class=\"col-md-12\">\n\t\t<div class=\"form-group\">\n\t\t\t<p><span class=\"wpcf7-form-control-wrap\" data-name=\"your-message\"><textarea cols=\"40\" rows=\"10\" maxlength=\"2000\" class=\"wpcf7-form-control wpcf7-textarea wpcf7-validates-as-required form-control\" aria-required=\"true\" aria-invalid=\"false\" placeholder=\"Was suchen Sie?\" name=\"your-message\"><\/textarea><\/span>\n\t\t\t<\/p>\n\t\t<\/div>\n\t<\/div>\n\t<div class=\"col-md-12\">\n\t\t<center>\n\t\t\t<div class=\"form-group\">\n\t\t\t\t<p><span class=\"wpcf7-form-control-wrap\" data-name=\"checkbox-501\"><span class=\"wpcf7-form-control wpcf7-checkbox\"><span class=\"wpcf7-list-item first last\"><label><input type=\"checkbox\" name=\"checkbox-501[]\" value=\"Sie stimmen der Speicherung und Verarbeitung Ihrer Daten durch das FoodAppsCo\u2122-Team zur Beantwortung Ihrer Anfrage zu.\" \/><span class=\"wpcf7-list-item-label\">Sie stimmen der Speicherung und Verarbeitung Ihrer Daten durch das FoodAppsCo\u2122-Team zur Beantwortung Ihrer Anfrage zu.<\/span><\/label><\/span><\/span><\/span>\n\t\t\t\t<\/p>\n\t\t\t<\/div>\n\t\t<\/center>\n\t<\/div>\n\t<div class=\"col-md-12\">\n\t\t<center>\n\t\t\t<div class=\"form-group\">\n\t\t\t\t<p><span class=\"wpcf7-form-control-wrap\" data-name=\"hcap-cf7\">\t\t<input\n\t\t\t\ttype=\"hidden\"\n\t\t\t\tclass=\"hcaptcha-widget-id\"\n\t\t\t\tname=\"hcaptcha-widget-id\"\n\t\t\t\tvalue=\"eyJzb3VyY2UiOlsiY29udGFjdC1mb3JtLTdcL3dwLWNvbnRhY3QtZm9ybS03LnBocCJdLCJmb3JtX2lkIjo1OTA4fQ==-086bbdb090a5308229e02ae848a78cb8\">\n\t\t\t\t<span id=\"hcap_cf7-69e02063a01fb1.90365604\" class=\"wpcf7-form-control h-captcha\"\n\t\t\tdata-sitekey=\"58f7b6eb-bac8-449b-a823-083e8af0346d\"\n\t\t\tdata-theme=\"light\"\n\t\t\tdata-size=\"invisible\"\n\t\t\tdata-auto=\"false\"\n\t\t\tdata-ajax=\"false\"\n\t\t\tdata-force=\"false\">\n\t\t<\/span>\n\t\t<input type=\"hidden\" id=\"_wpnonce\" name=\"_wpnonce\" value=\"b79b8c3f51\" \/><input type=\"hidden\" name=\"_wp_http_referer\" value=\"\/de\/wp-json\/wp\/v2\/pages\/2774\" \/><\/span><input class=\"wpcf7-form-control wpcf7-submit has-spinner btn\" type=\"submit\" value=\"einreichen\" \/>\n\t\t\t\t<\/p>\n\t\t\t\t<p>Wir verpflichten uns, Ihre Privatsph\u00e4re zu sch\u00fctzen und zu respektieren, und wir verwenden Ihre personenbezogenen Daten ausschlie\u00dflich zur Verwaltung Ihres Kontos und zur Bereitstellung der von Ihnen angeforderten Produkte und Dienstleistungen.\n\t\t\t\t<\/p>\n\t\t\t<\/div>\n\t\t<\/center>\n\t<\/div>\n<\/div><input type='hidden' class='wpcf7-pum' value='{\"closepopup\":false,\"closedelay\":0,\"openpopup\":false,\"openpopup_id\":0}' \/><div class=\"wpcf7-response-output\" aria-hidden=\"true\"><\/div>\n<input type=\"hidden\" name=\"trp-form-language\" value=\"de\"\/><\/form>\n<\/div>\n<\/div><\/div><\/div><\/div><\/div><\/div><\/div><\/div><div class=\"vc_row wpb_row vc_row-fluid\"><div class=\"wpb_column vc_column_container vc_col-sm-12\"><div class=\"vc_column-inner\"><div class=\"wpb_wrapper\"><\/div><\/div><\/div><\/div><div class=\"vc_row wpb_row vc_row-fluid vc_custom_1547810891560\"><div class=\"wpb_column vc_column_container vc_col-sm-12\"><div class=\"vc_column-inner\"><div class=\"wpb_wrapper\">\n\t<div class=\"wpb_text_column wpb_content_element\" >\n\t\t<div class=\"wpb_wrapper\">\n\t\t\t<p style=\"text-align: center;\">Tag: Kontaktdaten der Firma f\u00fcr die Entwicklung von Essensliefer-Apps, Kontaktdaten der Firma f\u00fcr die Entwicklung von Essensliefer-Apps.<\/p>\n<p style=\"text-align: center;\">Bereits im Einsatz: Deutschland, Berlin, M\u00fcnchen, Magdeburg<\/p>\n\n\t\t<\/div>\n\t<\/div>\n<\/div><\/div><\/div><\/div>\n<\/div>","protected":false},"excerpt":{"rendered":"In Kontakt kommenRestaurant-Apps \/ Marktplatz f\u00fcr mehrere Restaurants Geben Sie einfach Ihre Kontaktinformationen und Informationen zu Ihrem Unternehmen ein. Unser Business Analyst arbeitet hart an Ihren Anforderungen und meldet sich mit einem detaillierten Plan f\u00fcr die digitale Einf\u00fchrung bei Ihnen Deutschland Gesch\u00e4ftsadresse Dodendorfer Stra\u00dfe 80 39120 Magdeburg Deutschland E-Mail: info@foodappsco.com Telefonnummer \/ WhatsApp: +49 152 [...]","protected":false},"author":1,"featured_media":0,"parent":0,"menu_order":0,"comment_status":"closed","ping_status":"closed","template":"","meta":{"footnotes":""},"class_list":["post-2774","page","type-page","status-publish","hentry"],"lang":"de","translations":{"de":2774,"en":303,"es":2997,"fr":4011},"_links":{"self":[{"href":"https:\/\/www.foodappsco.com\/de\/wp-json\/wp\/v2\/pages\/2774","targetHints":{"allow":["GET"]}}],"collection":[{"href":"https:\/\/www.foodappsco.com\/de\/wp-json\/wp\/v2\/pages"}],"about":[{"href":"https:\/\/www.foodappsco.com\/de\/wp-json\/wp\/v2\/types\/page"}],"author":[{"embeddable":true,"href":"https:\/\/www.foodappsco.com\/de\/wp-json\/wp\/v2\/users\/1"}],"replies":[{"embeddable":true,"href":"https:\/\/www.foodappsco.com\/de\/wp-json\/wp\/v2\/comments?post=2774"}],"version-history":[{"count":0,"href":"https:\/\/www.foodappsco.com\/de\/wp-json\/wp\/v2\/pages\/2774\/revisions"}],"wp:attachment":[{"href":"https:\/\/www.foodappsco.com\/de\/wp-json\/wp\/v2\/media?parent=2774"}],"curies":[{"name":"wp","href":"https:\/\/api.w.org\/{rel}","templated":true}]}}