{"id":2744,"date":"2025-05-18T12:27:39","date_gmt":"2025-05-18T12:27:39","guid":{"rendered":"https:\/\/www.foodappsco.com\/?page_id=2744"},"modified":"2026-02-07T14:48:37","modified_gmt":"2026-02-07T14:48:37","slug":"unternehmen-fuer-mobile-app","status":"publish","type":"page","link":"https:\/\/www.foodappsco.com\/de\/unternehmen-fuer-mobile-app\/","title":{"rendered":"Web- &#038; mobile L\u00f6sungen f\u00fcr Restaurantlieferdienste"},"content":{"rendered":"<div class=\"wpb-content-wrapper\"><div class=\"vc_row wpb_row vc_row-fluid vc_custom_1579434586515\"><div class=\"section-padding padding_top_none wpb_column vc_column_container vc_col-sm-12\"><div class=\"vc_column-inner\"><div class=\"wpb_wrapper\"><div class=\"vc_row wpb_row vc_inner vc_row-fluid\"><div class=\"section-header wpb_column vc_column_container vc_col-sm-12\"><div class=\"vc_column-inner\"><div class=\"wpb_wrapper\"><h6 style=\"font-size: 20px;color: #dd3333;line-height: 30px;text-align: center\" class=\"vc_custom_heading vc_do_custom_heading\" >Web- und mobile L\u00f6sungen f\u00fcr Restaurantlieferdienste<\/h6><h2 style=\"text-align: center\" class=\"vc_custom_heading vc_do_custom_heading\" >Wir realisieren digitale L\u00f6sungen f\u00fcr einzelne Restaurants sowie f\u00fcr Plattformen mit mehreren Restaurantpartnern.<\/h2>\n\t<div class=\"wpb_text_column wpb_content_element vc_custom_1769868091564\" >\n\t\t<div class=\"wpb_wrapper\">\n\t\t\t<p class=\"p1\" style=\"text-align: center;\">Wir entwickeln leistungsf\u00e4hige Web- und mobile Anwendungen f\u00fcr die Bestellung und Lieferung von Speisen aus Restaurants. Unsere L\u00f6sungen richten sich an Gastronomen, Lieferdienste und Betreiber regionaler oder \u00fcberregionaler Bestellplattformen, die ihre Abl\u00e4ufe digitalisieren und skalieren m\u00f6chten.<\/p>\n<p class=\"p1\" style=\"text-align: center;\">Auf Basis unserer technischen Erfahrung und bew\u00e4hrter Systemarchitekturen unterst\u00fctzen wir Sie bei der Automatisierung von Bestellprozessen, der Anbindung von Restaurants, der Zahlungsabwicklung sowie der effizienten Steuerung von Lieferung und Betrieb.<\/p>\n<p class=\"p1\" style=\"text-align: center;\">Neben standardisierten Funktionen setzen wir auch <span class=\"s1\"><b>individuelle Anforderungen<\/b><\/span> um und entwickeln ma\u00dfgeschneiderte Systeme, die exakt auf Ihr Gesch\u00e4ftsmodell, Ihre Zielgruppe und Ihre Wachstumsstrategie abgestimmt sind.<\/p>\n\n\t\t<\/div>\n\t<\/div>\n<\/div><\/div><\/div><\/div><div class=\"vc_row wpb_row vc_inner vc_row-fluid vc_row-o-content-middle vc_row-flex\"><div class=\"wpb_column vc_column_container vc_col-sm-6\"><div class=\"vc_column-inner\"><div class=\"wpb_wrapper\">\n\t<div  class=\"wpb_single_image wpb_content_element vc_align_center wpb_content_element  phone_image\">\n\t\t\n\t\t<figure class=\"wpb_wrapper vc_figure\">\n\t\t\t<div class=\"vc_single_image-wrapper vc_box_shadow_border  vc_box_border_grey\"><img loading=\"lazy\" decoding=\"async\" width=\"768\" height=\"1313\" src=\"https:\/\/www.foodappsco.com\/wp-content\/uploads\/2026\/02\/restaurant-website-designer-768x1313-1.jpg\" class=\"vc_single_image-img attachment-full\" alt=\"Web- &amp; mobile L\u00f6sungen f\u00fcr Restaurantlieferdienste\" title=\"Web- &amp; mobile L\u00f6sungen f\u00fcr Restaurantlieferdienste\" srcset=\"https:\/\/www.foodappsco.com\/wp-content\/uploads\/2026\/02\/restaurant-website-designer-768x1313-1.jpg 768w, https:\/\/www.foodappsco.com\/wp-content\/uploads\/2026\/02\/restaurant-website-designer-768x1313-1-175x300.jpg 175w, https:\/\/www.foodappsco.com\/wp-content\/uploads\/2026\/02\/restaurant-website-designer-768x1313-1-599x1024.jpg 599w, https:\/\/www.foodappsco.com\/wp-content\/uploads\/2026\/02\/restaurant-website-designer-768x1313-1-88x150.jpg 88w\" sizes=\"auto, (max-width: 768px) 100vw, 768px\" \/><\/div>\n\t\t<\/figure>\n\t<\/div>\n<\/div><\/div><\/div><div class=\"wpb_column vc_column_container vc_col-sm-6\"><div class=\"vc_column-inner\"><div class=\"wpb_wrapper\">\n\t<div  class=\"wpb_single_image wpb_content_element vc_align_center wpb_content_element\">\n\t\t\n\t\t<figure class=\"wpb_wrapper vc_figure\">\n\t\t\t<div class=\"vc_single_image-wrapper   vc_box_border_grey\"><img loading=\"lazy\" decoding=\"async\" width=\"628\" height=\"570\" src=\"https:\/\/www.foodappsco.com\/wp-content\/uploads\/2026\/02\/Entwicklungsunternehmen-fur-Apps-zur-Essensbestellung-e1770475257912.png\" class=\"vc_single_image-img attachment-full\" alt=\"Entwicklungsunternehmen fu\u0308r Apps zur Essensbestellung\" title=\"Entwicklungsunternehmen fu\u0308r Apps zur Essensbestellung\" srcset=\"https:\/\/www.foodappsco.com\/wp-content\/uploads\/2026\/02\/Entwicklungsunternehmen-fur-Apps-zur-Essensbestellung-e1770475257912.png 628w, https:\/\/www.foodappsco.com\/wp-content\/uploads\/2026\/02\/Entwicklungsunternehmen-fur-Apps-zur-Essensbestellung-e1770475257912-300x272.png 300w, https:\/\/www.foodappsco.com\/wp-content\/uploads\/2026\/02\/Entwicklungsunternehmen-fur-Apps-zur-Essensbestellung-e1770475257912-165x150.png 165w\" sizes=\"auto, (max-width: 628px) 100vw, 628px\" \/><\/div>\n\t\t<\/figure>\n\t<\/div>\n\n\t<div  class=\"wpb_single_image wpb_content_element vc_align_center wpb_content_element\">\n\t\t\n\t\t<figure class=\"wpb_wrapper vc_figure\">\n\t\t\t<div class=\"vc_single_image-wrapper   vc_box_border_grey\"><img loading=\"lazy\" decoding=\"async\" width=\"640\" height=\"736\" src=\"https:\/\/www.foodappsco.com\/wp-content\/uploads\/2026\/02\/Food-Ordering-Mobile-Apps-for-Restaurants-1.jpg\" class=\"vc_single_image-img attachment-large\" alt=\"Web- &amp; mobile L\u00f6sungen f\u00fcr Restaurantlieferdienste\" title=\"Web- &amp; mobile L\u00f6sungen f\u00fcr Restaurantlieferdienste\" srcset=\"https:\/\/www.foodappsco.com\/wp-content\/uploads\/2026\/02\/Food-Ordering-Mobile-Apps-for-Restaurants-1.jpg 890w, https:\/\/www.foodappsco.com\/wp-content\/uploads\/2026\/02\/Food-Ordering-Mobile-Apps-for-Restaurants-1-261x300.jpg 261w, https:\/\/www.foodappsco.com\/wp-content\/uploads\/2026\/02\/Food-Ordering-Mobile-Apps-for-Restaurants-1-768x884.jpg 768w, https:\/\/www.foodappsco.com\/wp-content\/uploads\/2026\/02\/Food-Ordering-Mobile-Apps-for-Restaurants-1-130x150.jpg 130w\" sizes=\"auto, (max-width: 640px) 100vw, 640px\" \/><\/div>\n\t\t<\/figure>\n\t<\/div>\n<\/div><\/div><\/div><\/div><div class=\"vc_row wpb_row vc_inner vc_row-fluid box-shadow-m vc_custom_1769868809028\"><div class=\"wpb_column vc_column_container vc_col-sm-4\"><div class=\"vc_column-inner\"><div class=\"wpb_wrapper\"><div class=\"vc_icon_element vc_icon_element-outer vc_do_icon vc_icon_element-align-center vc_icon_element-have-style\"><div class=\"vc_icon_element-inner vc_icon_element-color-custom vc_icon_element-have-style-inner vc_icon_element-size-md vc_icon_element-style-rounded-outline vc_icon_element-outline vc_icon_element-background-color-custom\"  style=\"border-color:#eeeeee\"><span class=\"vc_icon_element-icon fa fa-file-powerpoint-o\" ><\/span><\/div><\/div><h5 style=\"text-align: center\" class=\"vc_custom_heading vc_do_custom_heading\" >Restaurant-Websites<\/h5>\n\t<div class=\"wpb_text_column wpb_content_element\" >\n\t\t<div class=\"wpb_wrapper\">\n\t\t\t<p class=\"p1\" style=\"text-align: center;\">Jedes Restaurant ben\u00f6tigt eine professionelle Website zur Pr\u00e4sentation von Speisekarten, Standort, \u00d6ffnungszeiten und Services. Ideal zur St\u00e4rkung der eigenen Marke und zur direkten Kundenansprache.<\/p>\n\n\t\t<\/div>\n\t<\/div>\n<\/div><\/div><\/div><div class=\"wpb_column vc_column_container vc_col-sm-4\"><div class=\"vc_column-inner\"><div class=\"wpb_wrapper\"><div class=\"vc_icon_element vc_icon_element-outer vc_do_icon vc_icon_element-align-center vc_icon_element-have-style\"><div class=\"vc_icon_element-inner vc_icon_element-color-custom vc_icon_element-have-style-inner vc_icon_element-size-md vc_icon_element-style-rounded-outline vc_icon_element-outline vc_icon_element-background-color-custom\"  style=\"border-color:#eeeeee\"><span class=\"vc_icon_element-icon fa fa-shopping-cart\" ><\/span><\/div><\/div><h5 style=\"text-align: center\" class=\"vc_custom_heading vc_do_custom_heading\" >Web- &amp; mobile L\u00f6sungen f\u00fcr Restaurantlieferungen<\/h5>\n\t<div class=\"wpb_text_column wpb_content_element\" >\n\t\t<div class=\"wpb_wrapper\">\n\t\t\t<p class=\"p1\" style=\"text-align: center;\">Digitale L\u00f6sungen zur Annahme, Verwaltung und Abwicklung von Bestellungen f\u00fcr Restaurantlieferdienste. Skalierbar f\u00fcr steigende Bestellvolumen und mehrere Standorte.<\/p>\n\n\t\t<\/div>\n\t<\/div>\n<\/div><\/div><\/div><div class=\"wpb_column vc_column_container vc_col-sm-4\"><div class=\"vc_column-inner\"><div class=\"wpb_wrapper\"><div class=\"vc_icon_element vc_icon_element-outer vc_do_icon vc_icon_element-align-center vc_icon_element-have-style\"><div class=\"vc_icon_element-inner vc_icon_element-color-custom vc_icon_element-have-style-inner vc_icon_element-size-md vc_icon_element-style-rounded-outline vc_icon_element-outline vc_icon_element-background-color-custom\"  style=\"border-color:#eeeeee\"><span class=\"vc_icon_element-icon fa fa-cloud-upload\" ><\/span><\/div><\/div><h5 style=\"text-align: center\" class=\"vc_custom_heading vc_do_custom_heading\" >Plattformen f\u00fcr mehrere Restaurants<\/h5>\n\t<div class=\"wpb_text_column wpb_content_element\" >\n\t\t<div class=\"wpb_wrapper\">\n\t\t\t<p class=\"p1\" style=\"text-align: center;\">Starten Sie eine zentrale Bestellplattform, \u00fcber die mehrere Restaurants eingebunden werden k\u00f6nnen \u2013 inklusive Online-Zahlung, Verwaltungsfunktionen und Provisionsmodellen.<\/p>\n\n\t\t<\/div>\n\t<\/div>\n<\/div><\/div><\/div><\/div><div class=\"vc_row wpb_row vc_inner vc_row-fluid box-shadow-m\"><div class=\"wpb_column vc_column_container vc_col-sm-4\"><div class=\"vc_column-inner\"><div class=\"wpb_wrapper\"><div class=\"vc_icon_element vc_icon_element-outer vc_do_icon vc_icon_element-align-center vc_icon_element-have-style\"><div class=\"vc_icon_element-inner vc_icon_element-color-custom vc_icon_element-have-style-inner vc_icon_element-size-md vc_icon_element-style-rounded-outline vc_icon_element-outline vc_icon_element-background-color-custom\"  style=\"border-color:#eeeeee\"><span class=\"vc_icon_element-icon fa fa-mobile\" ><\/span><\/div><\/div><h5 style=\"text-align: center\" class=\"vc_custom_heading vc_do_custom_heading\" >Mobile Men\u00fc-Anwendungen<\/h5>\n\t<div class=\"wpb_text_column wpb_content_element\" >\n\t\t<div class=\"wpb_wrapper\">\n\t\t\t<p class=\"p1\" style=\"text-align: center;\">Digitale Men\u00fcl\u00f6sungen zur \u00fcbersichtlichen Darstellung von Speisen, Preisen und Angeboten. Kunden erhalten schnellen Zugriff auf aktuelle Inhalte ohne gedruckte Speisekarten.<\/p>\n\n\t\t<\/div>\n\t<\/div>\n<\/div><\/div><\/div><div class=\"wpb_column vc_column_container vc_col-sm-4\"><div class=\"vc_column-inner\"><div class=\"wpb_wrapper\"><div class=\"vc_icon_element vc_icon_element-outer vc_do_icon vc_icon_element-align-center vc_icon_element-have-style\"><div class=\"vc_icon_element-inner vc_icon_element-color-custom vc_icon_element-have-style-inner vc_icon_element-size-md vc_icon_element-style-rounded-outline vc_icon_element-outline vc_icon_element-background-color-custom\"  style=\"border-color:#eeeeee\"><span class=\"vc_icon_element-icon fa fa-file-text\" ><\/span><\/div><\/div><h5 style=\"text-align: center\" class=\"vc_custom_heading vc_do_custom_heading\" >Mobile L\u00f6sungen f\u00fcr Tischreservierungen<\/h5>\n\t<div class=\"wpb_text_column wpb_content_element\" >\n\t\t<div class=\"wpb_wrapper\">\n\t\t\t<p class=\"p1\" style=\"text-align: center;\">Erm\u00f6glichen Sie Ihren G\u00e4sten, Tische digital zu reservieren und Wartezeiten zu reduzieren. Ideal zur besseren Planung und Auslastung im Restaurantbetrieb.<\/p>\n\n\t\t<\/div>\n\t<\/div>\n<\/div><\/div><\/div><div class=\"wpb_column vc_column_container vc_col-sm-4\"><div class=\"vc_column-inner\"><div class=\"wpb_wrapper\"><div class=\"vc_icon_element vc_icon_element-outer vc_do_icon vc_icon_element-align-center vc_icon_element-have-style\"><div class=\"vc_icon_element-inner vc_icon_element-color-custom vc_icon_element-have-style-inner vc_icon_element-size-md vc_icon_element-style-rounded-outline vc_icon_element-outline vc_icon_element-background-color-custom\"  style=\"border-color:#eeeeee\"><span class=\"vc_icon_element-icon fa fa-tablet\" ><\/span><\/div><\/div><h5 style=\"text-align: center\" class=\"vc_custom_heading vc_do_custom_heading\" >Mobile L\u00f6sungen f\u00fcr Restaurantbestellungen<\/h5>\n\t<div class=\"wpb_text_column wpb_content_element\" >\n\t\t<div class=\"wpb_wrapper\">\n\t\t\t<p class=\"p1\" style=\"text-align: center;\">Kunden k\u00f6nnen Speisen bequem digital ausw\u00e4hlen, bestellen und bezahlen. Optimiert f\u00fcr schnelle Abl\u00e4ufe und eine h\u00f6here Bestellfrequenz.<\/p>\n\n\t\t<\/div>\n\t<\/div>\n<\/div><\/div><\/div><\/div><div class=\"vc_row wpb_row vc_inner vc_row-fluid box-shadow-m\"><div class=\"wpb_column vc_column_container vc_col-sm-4\"><div class=\"vc_column-inner\"><div class=\"wpb_wrapper\"><div class=\"vc_icon_element vc_icon_element-outer vc_do_icon vc_icon_element-align-center vc_icon_element-have-style\"><div class=\"vc_icon_element-inner vc_icon_element-color-custom vc_icon_element-have-style-inner vc_icon_element-size-md vc_icon_element-style-rounded-outline vc_icon_element-outline vc_icon_element-background-color-custom\"  style=\"border-color:#eeeeee\"><span class=\"vc_icon_element-icon fa fa-bell\" ><\/span><\/div><\/div><h5 style=\"text-align: center\" class=\"vc_custom_heading vc_do_custom_heading\" >Push-Benachrichtigungen<\/h5>\n\t<div class=\"wpb_text_column wpb_content_element\" >\n\t\t<div class=\"wpb_wrapper\">\n\t\t\t<p class=\"p1\" style=\"text-align: center;\">Informieren Sie Ihre Kunden \u00fcber Angebote, Bestellstatus oder Neuigkeiten in Echtzeit. Ideal zur Steigerung der Kundenbindung und Wiederbestellungen.<\/p>\n\n\t\t<\/div>\n\t<\/div>\n<\/div><\/div><\/div><div class=\"wpb_column vc_column_container vc_col-sm-4\"><div class=\"vc_column-inner\"><div class=\"wpb_wrapper\"><div class=\"vc_icon_element vc_icon_element-outer vc_do_icon vc_icon_element-align-center vc_icon_element-have-style\"><div class=\"vc_icon_element-inner vc_icon_element-color-custom vc_icon_element-have-style-inner vc_icon_element-size-md vc_icon_element-style-rounded-outline vc_icon_element-outline vc_icon_element-background-color-custom\"  style=\"border-color:#eeeeee\"><span class=\"vc_icon_element-icon fa fa-motorcycle\" ><\/span><\/div><\/div><h5 style=\"text-align: center\" class=\"vc_custom_heading vc_do_custom_heading\" >Fahrer-Anwendung<\/h5>\n\t<div class=\"wpb_text_column wpb_content_element\" >\n\t\t<div class=\"wpb_wrapper\">\n\t\t\t<p class=\"p1\" style=\"text-align: center;\">Digitale L\u00f6sung f\u00fcr Zusteller zur Annahme von Auftr\u00e4gen, Navigation und Statusaktualisierung. Erm\u00f6glicht effiziente Lieferprozesse und transparente Lieferzeiten.<\/p>\n\n\t\t<\/div>\n\t<\/div>\n<\/div><\/div><\/div><div class=\"wpb_column vc_column_container vc_col-sm-4\"><div class=\"vc_column-inner\"><div class=\"wpb_wrapper\"><div class=\"vc_icon_element vc_icon_element-outer vc_do_icon vc_icon_element-align-center vc_icon_element-have-style\"><div class=\"vc_icon_element-inner vc_icon_element-color-custom vc_icon_element-have-style-inner vc_icon_element-size-md vc_icon_element-style-rounded-outline vc_icon_element-outline vc_icon_element-background-color-custom\"  style=\"border-color:#eeeeee\"><span class=\"vc_icon_element-icon fa fa-check-square-o\" ><\/span><\/div><\/div><h5 style=\"text-align: center\" class=\"vc_custom_heading vc_do_custom_heading\" >Treue- und Bonusprogramme<\/h5>\n\t<div class=\"wpb_text_column wpb_content_element\" >\n\t\t<div class=\"wpb_wrapper\">\n\t\t\t<p class=\"p1\" style=\"text-align: center;\">Digitale Kundenbindungsprogramme mit Punkten, Rabatten oder Sonderaktionen. Unterst\u00fctzt Wiederbestellungen und st\u00e4rkt langfristige Kundenbeziehungen.<\/p>\n\n\t\t<\/div>\n\t<\/div>\n<\/div><\/div><\/div><\/div><\/div><\/div><\/div><\/div><section data-vc-full-width=\"true\" data-vc-full-width-temp=\"true\" data-vc-full-width-init=\"false\" data-vc-stretch-content=\"true\" class=\"vc_section vc_section-o-content-middle vc_section-flex\"><div class=\"vc_row wpb_row vc_row-fluid\"><div class=\"wpb_column vc_column_container vc_col-sm-12\"><div class=\"vc_column-inner\"><div class=\"wpb_wrapper\"><div class=\"vc_row wpb_row vc_inner vc_row-fluid\"><div class=\"section-header wpb_column vc_column_container vc_col-sm-12\"><div class=\"vc_column-inner\"><div class=\"wpb_wrapper\"><h2 style=\"text-align: center\" class=\"vc_custom_heading vc_do_custom_heading\" >Warum FoodAppsCo\u2122 f\u00fcr digitale L\u00f6sungen im Bereich Restaurantlieferung<\/h2>\n\t<div class=\"wpb_text_column wpb_content_element wpb_animate_when_almost_visible wpb_fadeIn fadeIn vc_custom_1769868873562\" >\n\t\t<div class=\"wpb_wrapper\">\n\t\t\t<p class=\"p1\" style=\"text-align: center;\">Wir verf\u00fcgen \u00fcber mehr als <span class=\"s1\"><b>10 Jahre Erfahrung<\/b><\/span> in der Konzeption, Entwicklung und Umsetzung digitaler Web- und mobiler L\u00f6sungen f\u00fcr Restaurants und Lieferdienste. Unser Fokus liegt auf praxisnahen Systemen, die Bestellprozesse vereinfachen, Abl\u00e4ufe automatisieren und nachhaltiges Wachstum erm\u00f6glichen.<\/p>\n<p class=\"p1\" style=\"text-align: center;\">Zu Beginn analysieren wir Ihre gesch\u00e4ftlichen Anforderungen, Ihre Zielgruppe sowie den regionalen Markt. Auf dieser Basis entwickeln wir passgenaue L\u00f6sungen \u2013 von standardisierten Plattformen bis hin zu individuell angepassten Systemen f\u00fcr Restaurants und Betreiber von Lieferplattformen.<\/p>\n<p class=\"p1\" style=\"text-align: center;\">Dar\u00fcber hinaus haben wir umfangreiche Erfahrung mit erweiterten Funktionen wie standortbasierten Services, digitalen Kundenbindungsprogrammen, kontaktlosen Zahlungsl\u00f6sungen, Selbstbestellsystemen, K\u00fcchen- und Service-Anwendungen sowie der Integration von Kassensystemen.<\/p>\n<p class=\"p1\" style=\"text-align: center;\">Alle L\u00f6sungen sind skalierbar, sicher und auf langfristigen Betrieb ausgelegt.<\/p>\n\n\t\t<\/div>\n\t<\/div>\n<\/div><\/div><\/div><\/div><\/div><\/div><\/div><\/div><\/section><div class=\"vc_row-full-width vc_clearfix\"><\/div><div class=\"vc_row wpb_row vc_row-fluid vc_custom_1547387409528\"><div class=\"wpb_column vc_column_container vc_col-sm-12\"><div class=\"vc_column-inner\"><div class=\"wpb_wrapper\">\n\t<div class=\"wpb_text_column wpb_content_element\" >\n\t\t<div class=\"wpb_wrapper\">\n\t\t\t<p style=\"text-align: center;\">Tag:\u00a0Restaurantlieferdienste, Digitale Gastronomiel\u00f6sungen, Bestell- und Liefersysteme f\u00fcr Restaurants, Software f\u00fcr Restaurantbestellungen, Plattformen f\u00fcr Lieferdienste &#8211;\u00a0Deutschland, Berlin, Frankfurt, Magdeburg<\/p>\n\n\t\t<\/div>\n\t<\/div>\n<\/div><\/div><\/div><\/div>\n<\/div>","protected":false},"excerpt":{"rendered":"Web- und mobile L\u00f6sungen f\u00fcr RestaurantlieferdiensteWir realisieren digitale L\u00f6sungen f\u00fcr einzelne Restaurants sowie f\u00fcr Plattformen mit mehreren Restaurantpartnern. Wir entwickeln leistungsf\u00e4hige Web- und mobile Anwendungen f\u00fcr die Bestellung und Lieferung von Speisen aus Restaurants. Unsere L\u00f6sungen richten sich an Gastronomen, Lieferdienste und Betreiber regionaler oder \u00fcberregionaler Bestellplattformen, die ihre Abl\u00e4ufe digitalisieren und skalieren m\u00f6chten. Auf [...]","protected":false},"author":1,"featured_media":0,"parent":0,"menu_order":0,"comment_status":"closed","ping_status":"closed","template":"","meta":{"footnotes":""},"class_list":["post-2744","page","type-page","status-publish","hentry"],"lang":"de","translations":{"de":2744,"en":5215},"_links":{"self":[{"href":"https:\/\/www.foodappsco.com\/de\/wp-json\/wp\/v2\/pages\/2744","targetHints":{"allow":["GET"]}}],"collection":[{"href":"https:\/\/www.foodappsco.com\/de\/wp-json\/wp\/v2\/pages"}],"about":[{"href":"https:\/\/www.foodappsco.com\/de\/wp-json\/wp\/v2\/types\/page"}],"author":[{"embeddable":true,"href":"https:\/\/www.foodappsco.com\/de\/wp-json\/wp\/v2\/users\/1"}],"replies":[{"embeddable":true,"href":"https:\/\/www.foodappsco.com\/de\/wp-json\/wp\/v2\/comments?post=2744"}],"version-history":[{"count":0,"href":"https:\/\/www.foodappsco.com\/de\/wp-json\/wp\/v2\/pages\/2744\/revisions"}],"wp:attachment":[{"href":"https:\/\/www.foodappsco.com\/de\/wp-json\/wp\/v2\/media?parent=2744"}],"curies":[{"name":"wp","href":"https:\/\/api.w.org\/{rel}","templated":true}]}}