{"id":10017,"date":"2026-02-28T17:15:39","date_gmt":"2026-02-28T17:15:39","guid":{"rendered":"https:\/\/www.foodappsco.com\/?page_id=10017"},"modified":"2026-02-25T16:13:05","modified_gmt":"2026-02-25T16:13:05","slug":"entwicklungsunternehmen-fuer-essens-apps","status":"publish","type":"page","link":"https:\/\/www.foodappsco.com\/de\/entwicklungsunternehmen-fuer-essens-apps\/","title":{"rendered":"FoodAppsCo\u2122 &#8211; Entwicklungsunternehmen f\u00fcr Essens-Apps"},"content":{"rendered":"<div class=\"wpb-content-wrapper\"><div class=\"vc_row wpb_row vc_row-fluid padding_bottom\"><div class=\"wpb_column vc_column_container vc_col-sm-12\"><div class=\"vc_column-inner\"><div class=\"wpb_wrapper\"><div class=\"vc_row wpb_row vc_inner vc_row-fluid\"><div class=\"wpb_column vc_column_container vc_col-sm-6\"><div class=\"vc_column-inner\"><div class=\"wpb_wrapper\">\n\t<div class=\"wpb_text_column wpb_content_element\" >\n\t\t<div class=\"wpb_wrapper\">\n\t\t\t<h2 class=\"section\"><span class=\"highlight\">Wir sind FoodAppsCo\u2122\u00a0<\/span><br \/>\nEin f\u00fchrendes Entwicklungsunternehmen<br \/>\nf\u00fcr Essens-Apps<\/h2>\n\n\t\t<\/div>\n\t<\/div>\n\n\t<div class=\"wpb_text_column wpb_content_element\" >\n\t\t<div class=\"wpb_wrapper\">\n\t\t\t<p><strong>FoodAppsCo\u2122<\/strong> ist ein erfahrenes Unternehmen f\u00fcr <strong>die Entwicklung von Essens-Apps<\/strong>, das leistungsstarke digitale L\u00f6sungen f\u00fcr <strong>Restaurants, Lieferdienste und Online-Marktpl\u00e4tze<\/strong> entwirft und implementiert. Seit \u00fcber 15 Jahren entwickeln wir skalierbare Web- und Mobilanwendungen, die Gesch\u00e4ftsabl\u00e4ufe optimieren und nachhaltiges Wachstum erm\u00f6glichen.<\/p>\n<p>Als produktorientierte Einheit von <strong>VudriX LLC<\/strong> entwickelt unser engagiertes Team aus Softwareentwicklern, Designexperten und Projektmanagern praxiserprobte Systeme f\u00fcr <strong>Restaurants, Lieferdienste und Start-ups<\/strong> im Bereich Online-Bestellsysteme.<\/p>\n\n\t\t<\/div>\n\t<\/div>\n\n\t<div class=\"wpb_raw_code wpb_raw_html wpb_content_element\" >\n\t\t<div class=\"wpb_wrapper\">\n\t\t\t<div class=\"vertical_box\">\n                \t<div class=\"box-icon\">\n                    \t<i class=\"fa fa-bolt\" aria-hidden=\"true\"><\/i>\n                    <\/div>\n                    <div class=\"box-info\">\n                    \t<h6>\u00dcber 15 Jahre Erfahrung mit produktionsreifen Liefer- und Marktplatzsystemen<\/h6>\n                        <p>Unsere Plattformen werden von Lieferdienstbetreibern, Restaurantgruppen und regionalen Marktplatzanbietern in verschiedenen L\u00e4ndern eingesetzt. Sie verarbeiten t\u00e4glich reale Bestellungen, Zahlungsabwicklungen und komplexe Betriebsabl\u00e4ufe \u2013 zuverl\u00e4ssig, sicher und skalierbar.<\/p>\n                    <\/div>\n                <\/div>\n\t\t<\/div>\n\t<\/div>\n\n\t<div class=\"wpb_raw_code wpb_raw_html wpb_content_element\" >\n\t\t<div class=\"wpb_wrapper\">\n\t\t\t<div class=\"vertical_box\">\n                \t<div class=\"box-icon\">\n                    \t<i class=\"fa fa-mobile-phone\" aria-hidden=\"true\"><\/i>\n                    <\/div>\n                    <div class=\"box-info\">\n                    \t<h6>Anbieter vollst\u00e4ndig individualisierbarer Bestell- und Lieferplattformen<\/h6>\n                        <p>Alle unsere Plattformen sind vollst\u00e4ndig White-Label-f\u00e4hig, sodass Sie die vollst\u00e4ndige Kontrolle \u00fcber Ihr Branding, Ihre Kundendaten und Ihr Gesch\u00e4ftswachstum behalten \u2013 ohne Provisionen oder Plattformbindung.<\/p>\n                    <\/div>\n                <\/div>\n\t\t<\/div>\n\t<\/div>\n<\/div><\/div><\/div><div class=\"wpb_column vc_column_container vc_col-sm-6\"><div class=\"vc_column-inner\"><div class=\"wpb_wrapper\">\n\t<div  class=\"wpb_single_image wpb_content_element vc_align_center wpb_content_element vc_custom_1770396762599\">\n\t\t\n\t\t<figure class=\"wpb_wrapper vc_figure\">\n\t\t\t<div class=\"vc_single_image-wrapper   vc_box_border_grey\"><img loading=\"lazy\" decoding=\"async\" width=\"652\" height=\"567\" src=\"https:\/\/www.foodappsco.com\/wp-content\/uploads\/2026\/02\/Food_Apps_Development_Company-e1770396752531.png\" class=\"vc_single_image-img attachment-full\" alt=\"Food Delivery App Development Company\" title=\"Food Delivery App Development Company\" srcset=\"https:\/\/www.foodappsco.com\/wp-content\/uploads\/2026\/02\/Food_Apps_Development_Company-e1770396752531.png 652w, https:\/\/www.foodappsco.com\/wp-content\/uploads\/2026\/02\/Food_Apps_Development_Company-e1770396752531-300x261.png 300w, https:\/\/www.foodappsco.com\/wp-content\/uploads\/2026\/02\/Food_Apps_Development_Company-e1770396752531-172x150.png 172w\" sizes=\"auto, (max-width: 652px) 100vw, 652px\" \/><\/div>\n\t\t<\/figure>\n\t<\/div>\n<div class=\"vc_empty_space\"   style=\"height: 30px\"><span class=\"vc_empty_space_inner\"><\/span><\/div>\n\t<div  class=\"wpb_single_image wpb_content_element vc_align_center wpb_content_element vc_custom_1765755844234\">\n\t\t\n\t\t<figure class=\"wpb_wrapper vc_figure\">\n\t\t\t<div class=\"vc_single_image-wrapper   vc_box_border_grey\"><img loading=\"lazy\" decoding=\"async\" width=\"175\" height=\"75\" src=\"https:\/\/www.foodappsco.com\/wp-content\/uploads\/2025\/12\/Vudrix-llc-logo-1.png\" class=\"vc_single_image-img attachment-full\" alt=\"FoodAppsCo\u2122 \u2013 Food Delivery App Development Company\" title=\"Unternehmen f\u00fcr die Entwicklung von Essenslieferungs-Apps\" \/><\/div>\n\t\t<\/figure>\n\t<\/div>\n\n\t<div class=\"wpb_text_column wpb_content_element\" >\n\t\t<div class=\"wpb_wrapper\">\n\t\t\t<p style=\"text-align: center;\">FoodAppsCo\u2122 is a product division of <a href=\"https:\/\/www.vudrix.com\/\" target=\"_blank\" rel=\"noopener\">\u00a0VudriX LLC &#8211; Intelligent Solutions.<\/a><\/p>\n\n\t\t<\/div>\n\t<\/div>\n<\/div><\/div><\/div><\/div><\/div><\/div><\/div><\/div><div class=\"vc_row wpb_row vc_row-fluid vc_custom_1772035554728\"><div class=\"container wpb_column vc_column_container vc_col-sm-12\"><div class=\"vc_column-inner\"><div class=\"wpb_wrapper\"><div class=\"vc_row wpb_row vc_inner vc_row-fluid box-shadow-m\"><div class=\"wpb_column vc_column_container vc_col-sm-4\"><div class=\"vc_column-inner\"><div class=\"wpb_wrapper\"><div class=\"vc_icon_element vc_icon_element-outer vc_do_icon vc_icon_element-align-center vc_icon_element-have-style\"><div class=\"vc_icon_element-inner vc_icon_element-color-custom vc_icon_element-have-style-inner vc_icon_element-size-md vc_icon_element-style-rounded-outline vc_icon_element-outline vc_icon_element-background-color-custom\"  style=\"border-color:#eeeeee\"><span class=\"vc_icon_element-icon fa fa-users\" style=\"color:#dd3333 !important\"><\/span><\/div><\/div><h5 style=\"text-align: center\" class=\"vc_custom_heading vc_do_custom_heading\" >Wer wir sind<\/h5>\n\t<div class=\"wpb_text_column wpb_content_element\" >\n\t\t<div class=\"wpb_wrapper\">\n\t\t\t<p class=\"p1\" style=\"text-align: center;\">Wir sind ein produktorientiertes Team mit klarem Fokus auf Liefer- und Marktplatzsysteme, die im realen Gesch\u00e4ftsalltag bestehen. Keine kurzfristigen Einzell\u00f6sungen, sondern durchdachte Systeme f\u00fcr den dauerhaften Einsatz.<\/p>\n\n\t\t<\/div>\n\t<\/div>\n<\/div><\/div><\/div><div class=\"wpb_column vc_column_container vc_col-sm-4\"><div class=\"vc_column-inner\"><div class=\"wpb_wrapper\"><div class=\"vc_icon_element vc_icon_element-outer vc_do_icon vc_icon_element-align-center vc_icon_element-have-style\"><div class=\"vc_icon_element-inner vc_icon_element-color-custom vc_icon_element-have-style-inner vc_icon_element-size-md vc_icon_element-style-rounded-outline vc_icon_element-outline vc_icon_element-background-color-custom\"  style=\"border-color:#eeeeee\"><span class=\"vc_icon_element-icon fa fa-question-circle\" style=\"color:#dd3333 !important\"><\/span><\/div><\/div><h5 style=\"text-align: center\" class=\"vc_custom_heading vc_do_custom_heading\" >Warum Sie sich f\u00fcr uns entscheiden sollten<\/h5>\n\t<div class=\"wpb_text_column wpb_content_element\" >\n\t\t<div class=\"wpb_wrapper\">\n\t\t\t<p class=\"p1\" style=\"text-align: center;\">Wir verbinden fundiertes Branchenverst\u00e4ndnis im Liefergesch\u00e4ft mit praxisnaher technischer Umsetzung. Unsere L\u00f6sungen helfen dabei, Markteinf\u00fchrungsrisiken zu reduzieren, Kosten zu kontrollieren und Ihr Gesch\u00e4ftsmodell skalierbar aufzubauen \u2013 ohne sp\u00e4ter neu entwickeln zu m\u00fcssen.<\/p>\n\n\t\t<\/div>\n\t<\/div>\n<\/div><\/div><\/div><div class=\"wpb_column vc_column_container vc_col-sm-4\"><div class=\"vc_column-inner\"><div class=\"wpb_wrapper\"><div class=\"vc_icon_element vc_icon_element-outer vc_do_icon vc_icon_element-align-center vc_icon_element-have-style\"><div class=\"vc_icon_element-inner vc_icon_element-color-custom vc_icon_element-have-style-inner vc_icon_element-size-md vc_icon_element-style-rounded-outline vc_icon_element-outline vc_icon_element-background-color-custom\"  style=\"border-color:#eeeeee\"><span class=\"vc_icon_element-icon fa fa-cogs\" style=\"color:#dd3333 !important\"><\/span><\/div><\/div><h5 style=\"text-align: center\" class=\"vc_custom_heading vc_do_custom_heading\" >Was wir leisten<\/h5>\n\t<div class=\"wpb_text_column wpb_content_element\" >\n\t\t<div class=\"wpb_wrapper\">\n\t\t\t<p class=\"p1\" style=\"text-align: center;\">Wir konzipieren und realisieren vollst\u00e4ndig individualisierbare Bestell-, Liefer- und Marktplatzplattformen. Dazu geh\u00f6ren Verwaltungsbereiche, Kundenanwendungen, Restaurant-Verwaltungssysteme sowie strukturierte Abl\u00e4ufe f\u00fcr Lieferprozesse.<\/p>\n\n\t\t<\/div>\n\t<\/div>\n<\/div><\/div><\/div><\/div><\/div><\/div><\/div><\/div><div class=\"vc_row wpb_row vc_row-fluid vc_row-o-content-middle vc_row-flex\"><div class=\"container wpb_column vc_column_container vc_col-sm-12\"><div class=\"vc_column-inner\"><div class=\"wpb_wrapper\"><div class=\"vc_row wpb_row vc_inner vc_row-fluid vc_row-o-content-middle vc_row-flex\"><div class=\"wpb_column vc_column_container vc_col-sm-6\"><div class=\"vc_column-inner\"><div class=\"wpb_wrapper\">\n\t<div  class=\"wpb_single_image wpb_content_element vc_align_center wpb_content_element\">\n\t\t\n\t\t<figure class=\"wpb_wrapper vc_figure\">\n\t\t\t<div class=\"vc_single_image-wrapper   vc_box_border_grey\"><img loading=\"lazy\" decoding=\"async\" width=\"822\" height=\"697\" src=\"https:\/\/www.foodappsco.com\/wp-content\/uploads\/2025\/12\/Food_ordering_System_for_Restaurants.png\" class=\"vc_single_image-img attachment-full\" alt=\"Food ordering System for Restaurants\" title=\"Food ordering System for Restaurants\" srcset=\"https:\/\/www.foodappsco.com\/wp-content\/uploads\/2025\/12\/Food_ordering_System_for_Restaurants.png 822w, https:\/\/www.foodappsco.com\/wp-content\/uploads\/2025\/12\/Food_ordering_System_for_Restaurants-300x254.png 300w, https:\/\/www.foodappsco.com\/wp-content\/uploads\/2025\/12\/Food_ordering_System_for_Restaurants-768x651.png 768w\" sizes=\"auto, (max-width: 822px) 100vw, 822px\" \/><\/div>\n\t\t<\/figure>\n\t<\/div>\n<\/div><\/div><\/div><div class=\"wpb_column vc_column_container vc_col-sm-6\"><div class=\"vc_column-inner vc_custom_1488805819417\"><div class=\"wpb_wrapper\"><h2 style=\"text-align: center\" class=\"vc_custom_heading vc_do_custom_heading\" >Starten Sie Ihr Restaurantgesch\u00e4ft mit direkten Online-Bestellungen<\/h2>\n\t<div class=\"wpb_text_column wpb_content_element vc_custom_1772035731113\" >\n\t\t<div class=\"wpb_wrapper\">\n\t\t\t<p style=\"text-align: center;\">\u00dcbernehmen Sie die volle Kontrolle \u00fcber Ihre Online-Bestellungen mit einem markenspezifischen Bestellsystem, das f\u00fcr Restaurants entwickelt wurde, die Unabh\u00e4ngigkeit, Transparenz und langfristige Margen w\u00fcnschen. Keine Provisionen f\u00fcr Dritte, keine Zwangsabonnements und kein Verlust von Kundendaten.<\/p>\n<p style=\"text-align: center;\">FoodAppsCo\u2122 hilft Restaurants und Lebensmittelunternehmen dabei, direkte Online-Bestellungen anzunehmen, Stammkunden zu gewinnen und Men\u00fcs, Angebote und Bestellungen \u00fcber ein einziges, benutzerfreundliches Dashboard zu verwalten \u2013 ohne auf externe Lieferplattformen angewiesen zu sein.<\/p>\n<p style=\"text-align: center;\">Unsere L\u00f6sungen genie\u00dfen das Vertrauen unabh\u00e4ngiger Restaurants, lokaler Lebensmittelmarken und Unternehmen mit mehreren Standorten in verschiedenen M\u00e4rkten und sind f\u00fcr den realen Betrieb und nicht f\u00fcr kurzfristige Kampagnen konzipiert.<\/p>\n\n\t\t<\/div>\n\t<\/div>\n\n\t<div class=\"wpb_text_column wpb_content_element\" >\n\t\t<div class=\"wpb_wrapper\">\n\t\t\t<p style=\"text-align: center;\"><a class=\"btn\" href=\"https:\/\/www.foodappsco.com\/de\/wenden-sie-sich-an-das-unternehmen-fuer-lebensmittelversand-apps\/\">Kontaktieren Sie uns!<\/a><\/p>\n\n\t\t<\/div>\n\t<\/div>\n<\/div><\/div><\/div><\/div><\/div><\/div><\/div><\/div><div class=\"vc_row wpb_row vc_row-fluid vc_custom_1622404661590\"><div class=\"wpb_column vc_column_container vc_col-sm-12\"><div class=\"vc_column-inner\"><div class=\"wpb_wrapper\">\n\t<div class=\"wpb_text_column wpb_content_element\" >\n\t\t<div class=\"wpb_wrapper\">\n\t\t\t<div style=\"width: 100%; margin: 20px 0 20px; padding: 22px 0; font-family: inherit; text-align: center;\">\n<div style=\"display: inline-flex; flex-wrap: wrap; justify-content: center; gap: 10px;\"><span style=\"display: inline-block; padding: 7px 14px; border: 1px solid #ddd; border-radius: 999px; background: #fafafa; color: #555; font-size: 16px; line-height: 1.4;\">Entwicklungsunternehmen f\u00fcr Essens-Apps<\/span><br \/>\n<span style=\"display: inline-block; padding: 7px 14px; border: 1px solid #ddd; border-radius: 999px; background: #fafafa; color: #555; font-size: 16px; line-height: 1.4;\">Berlin<\/span><br \/>\n<span style=\"display: inline-block; padding: 7px 14px; border: 1px solid #ddd; border-radius: 999px; background: #fafafa; color: #555; font-size: 16px; line-height: 1.4;\">Hamburg<\/span><br \/>\n<span style=\"display: inline-block; padding: 7px 14px; border: 1px solid #ddd; border-radius: 999px; background: #fafafa; color: #555; font-size: 16px; line-height: 1.4;\">Deutschland<\/span><br \/>\n<span style=\"display: inline-block; padding: 7px 14px; border: 1px solid #ddd; border-radius: 999px; background: #fafafa; color: #555; font-size: 16px; line-height: 1.4;\">M\u00fcnchen<\/span><br \/>\n<span style=\"display: inline-block; padding: 7px 14px; border: 1px solid #ddd; border-radius: 999px; background: #fafafa; color: #555; font-size: 16px; line-height: 1.4;\">Agentur entwickelt App f\u00fcr Essenslieferungen<\/span><\/div>\n<\/div>\n\n\t\t<\/div>\n\t<\/div>\n<\/div><\/div><\/div><\/div>\n<\/div>","protected":false},"excerpt":{"rendered":"Wir sind FoodAppsCo\u2122\u00a0 Ein f\u00fchrendes Entwicklungsunternehmen f\u00fcr Essens-Apps FoodAppsCo\u2122 ist ein erfahrenes Unternehmen f\u00fcr die Entwicklung von Essens-Apps, das leistungsstarke digitale L\u00f6sungen f\u00fcr Restaurants, Lieferdienste und Online-Marktpl\u00e4tze entwirft und implementiert. Seit \u00fcber 15 Jahren entwickeln wir skalierbare Web- und Mobilanwendungen, die Gesch\u00e4ftsabl\u00e4ufe optimieren und nachhaltiges Wachstum erm\u00f6glichen. Als produktorientierte Einheit von VudriX LLC entwickelt unser [...]","protected":false},"author":1,"featured_media":0,"parent":0,"menu_order":0,"comment_status":"closed","ping_status":"closed","template":"","meta":{"footnotes":""},"class_list":["post-10017","page","type-page","status-publish","hentry"],"lang":"de","translations":{"de":10017,"en":216},"_links":{"self":[{"href":"https:\/\/www.foodappsco.com\/de\/wp-json\/wp\/v2\/pages\/10017","targetHints":{"allow":["GET"]}}],"collection":[{"href":"https:\/\/www.foodappsco.com\/de\/wp-json\/wp\/v2\/pages"}],"about":[{"href":"https:\/\/www.foodappsco.com\/de\/wp-json\/wp\/v2\/types\/page"}],"author":[{"embeddable":true,"href":"https:\/\/www.foodappsco.com\/de\/wp-json\/wp\/v2\/users\/1"}],"replies":[{"embeddable":true,"href":"https:\/\/www.foodappsco.com\/de\/wp-json\/wp\/v2\/comments?post=10017"}],"version-history":[{"count":0,"href":"https:\/\/www.foodappsco.com\/de\/wp-json\/wp\/v2\/pages\/10017\/revisions"}],"wp:attachment":[{"href":"https:\/\/www.foodappsco.com\/de\/wp-json\/wp\/v2\/media?parent=10017"}],"curies":[{"name":"wp","href":"https:\/\/api.w.org\/{rel}","templated":true}]}}